{"id":724,"date":"2017-09-21T08:54:11","date_gmt":"2017-09-21T06:54:11","guid":{"rendered":"https:\/\/eltriangle.es\/?page_id=724"},"modified":"2018-05-18T09:58:25","modified_gmt":"2018-05-18T07:58:25","slug":"legal-notice","status":"publish","type":"page","link":"https:\/\/www.eltriangle.es\/en\/legal-notice\/","title":{"rendered":"Legal Notice"},"content":{"rendered":"<h2>1. Titular del Fichero<\/h2>\n<p>El titular legal de esta p\u00e1gina web y por tanto de los ficheros con datos de car\u00e1cter personal en los que se incluir\u00e1n los datos recogidos y tratados desde esta p\u00e1gina web es Asociaci\u00f3n de Comerciantes El Triangle (CENTRO COMERCIAL EL TRIANGLE), en adelante EL TRIANGLE, con domicilio de contacto sito en Plaza Catalu\u00f1a 1-4 08002 Barcelona y direcci\u00f3n de email <a href=\"mailto:info@eltriangle.es\"><strong>info@eltriangle.es<\/strong><\/a><\/p>\n<h2>2. Datos Recogidos<\/h2>\n<p>Se puede visitar la p\u00e1gina web www.eltriangle.es sin necesidad de facilitar ning\u00fan dato de car\u00e1cter personal, no obstante existen diversos formularios de contacto donde se recogen datos de car\u00e1cter personal. EL TRIANGLE \u00fanicamente recoge los datos personales que resultan necesarios para facilitarle la informaci\u00f3n que nos solicite sobre nuestros productos y servicios.<\/p>\n<h2>3. Utilizaci\u00f3n y finalidad de los datos recogidos<\/h2>\n<p>En esta p\u00e1gina web se recogen datos de car\u00e1cter personal con la siguiente finalidad: <strong>&#8211; Env\u00edo de informaci\u00f3n:<\/strong> La informaci\u00f3n introducida en los formularios de contacto se emplear\u00e1 para facilitarle la informaci\u00f3n que nos solicite sobre el EL TRIANGLE y los negocios instalados en \u00e9l. <strong>&#8211; Env\u00edo de Newsletter:<\/strong> Los datos suministrados en los formularios de suscripci\u00f3n a nuestra newsletter, ser\u00e1n empleados para enviarle informaci\u00f3n por v\u00eda electr\u00f3nica sobre las ofertas, promociones y eventos del centro comercial.<\/p>\n<h2>4. Facebook<\/h2>\n<p>Los datos que se recojan a trav\u00e9s de nuestra p\u00e1gina de Facebook ser\u00e1n incluidos en nuestros ficheros con la finalidad de enviarle informaci\u00f3n por v\u00eda electr\u00f3nica sobre las actividades y promociones del Centro Comercial El Triangle. Puede ejercer los derechos de acceso, rectificaci\u00f3n, cancelaci\u00f3n y oposici\u00f3n a trav\u00e9s de los medios indicados en esta pol\u00edtica de privacidad.<\/p>\n<h2>5. Revelaci\u00f3n de datos personales a terceros.<\/h2>\n<p>EL TRIANGLE, no tiene previsto revelar sus datos personales m\u00e1s all\u00e1 de los casos en los que una Ley nos obligue (administraciones p\u00fablicas, autoridades administrativas o judiciales \u2026etc) No obstante, si solicita informaci\u00f3n sobre cualquiera de los comercios instalados en nuestro centro comercial, procederemos a reenviar dicha solicitud al comercio afectado.<\/p>\n<h2>6. Ejercicio de Derechos<\/h2>\n<p>En cualquier momento podr\u00e1s ejercer los Derechos de acceso, rectificaci\u00f3n, cancelaci\u00f3n y oposici\u00f3n mediante el env\u00edo de la solicitud de ejercicio correspondiente junto con copia del documento oficial que te identifique (DNI, carnet de conducir o pasaporte) a la direcci\u00f3n de correo electr\u00f3nico <a href=\"mailto:info@eltriangle.es\"><strong>info@eltriangle.es<\/strong><\/a> o personalmente en nuestras oficinas en Plaza Catalu\u00f1a 1-4 08002 Barcelona.<\/p>\n<h2>7. Newsletter<\/h2>\n<p>Este correo electr\u00f3nico ha sido remitido por el Centro Comercial El Triangle (Asociaci\u00f3n de Comerciantes de El Triangle de Pla\u00e7a de Catalunya 1) a la lista de clientes, suscriptores y usuarios del Centro Comercial. Si no desea recibir m\u00e1s correos electr\u00f3nicos de este tipo puede comunicarlo a la direcci\u00f3n de email <a href=\"mailto:info@eltriangle.es\"><strong>info@eltriangle.es<\/strong><\/a> o haciendo click en el enlace \u201cDarse de Baja\u201d. As\u00ed mismo le informamos que sus datos personales se encuentran incorporados en nuestros ficheros con la finalidad de enviarle informaci\u00f3n sobre las novedades, ofertas y promociones del Centro Comercial El Triangle y los comercios instalados en el mismo. Puede ejercer los derechos de acceso, rectificaci\u00f3n, cancelaci\u00f3n u oposici\u00f3n a trav\u00e9s de la direcci\u00f3n de email <a href=\"mailto:info@eltriangle.es\"><strong>info@eltriangle.es<\/strong><\/a> o mediante comunicaci\u00f3n escrita dirigida a nuestra direcci\u00f3n postal, Pla\u00e7a Catalunya 1, (Gerencia del Centro Comercial), 08002 Barcelona.<\/p>\n<h2>AVISO LEGAL<\/h2>\n<p>En cumplimiento de lo establecido en la Ley 34\/2002 de 11 de Julio, de Servicios de la Sociedad de La Informaci\u00f3n y el Comercio Electr\u00f3nico (LSSICE), se informa de los siguientes aspectos legales:<\/p>\n<p>Identificaci\u00f3n de la web: <a href=\"http:\/\/eltriangle.es\/\" target=\"_blank\" rel=\"noopener\"><strong>www.eltriangle.es<\/strong><\/a><br \/>\nResponsable de la web: COMUNIDAD DE PROPIETARIOS DE PLAZA DE CATALUNYA 1-4 (CENTRO COMERCIAL EL TRIANGLE)<br \/>\nDomicilio de Contacto: Plaza Catalu\u00f1a 1-4 08002 Barcelona Email de Contacto: <a href=\"mailto:info@eltriangle.es\"><strong>info@eltriangle.es<\/strong><\/a><br \/>\nTlfno: 933 180 108<br \/>\nDatos Fiscales: H-63.559.272<\/p>\n<h2>CONDICIONES GENERALES DE USO DE LA P\u00c1GINA WEB<\/h2>\n<h2>1.- Condiciones de Uso para los visitantes de la p\u00e1gina web<\/h2>\n<p>Las presentes condiciones legales regulan el uso legal permitido de la p\u00e1gina web www.eltriangle.es, cuyo responsable legal es COMUNIDAD DE PROPIETARIOS DE PLAZA DE CATALUNYA 1-4 (CENTRO COMERCIAL EL TRIANGLE) en adelante EL TRIANGLE. Estas condiciones generales regulan el acceso y utilizaci\u00f3n que el titular de la web pone gratuitamente a disposici\u00f3n de los usuarios de Internet. El acceso a la misma implica su aceptaci\u00f3n sin reservas. El mero uso de la web, as\u00ed como solicitar informaci\u00f3n o registrarse, supone la aceptaci\u00f3n plena de las presentes condiciones. El visitante se obliga a usar la web, los servicios y los contenidos de forma diligente, correcta y l\u00edcita y, en particular, se compromete a no suprimir, eludir o manipular el &#8220;copyright&#8221; y dem\u00e1s datos identificativos de los derechos de sus titulares incorporados a los contenidos, as\u00ed como los dispositivos t\u00e9cnicos de protecci\u00f3n, o cualesquiera mecanismos de informaci\u00f3n que pudieren contener los contenidos. As\u00ed mismo, se compromete a no alterar, reprogramar, modificar, adaptar ni traducir el c\u00f3digo fuente de esta p\u00e1gina web. Toda reproducci\u00f3n parcial o total del c\u00f3digo fuente de la p\u00e1gina web en cualquier soporte y por cualquier raz\u00f3n se considerar\u00e1 una copia no autorizada. Para poder utilizar esta p\u00e1gina web y registrarse como usuario, el visitante debe ser mayor de 18 a\u00f1os, EL TRIANGLE se reserva el derecho a comprobar esta circunstancia solicitando al usuario la acreditaci\u00f3n de su edad. EL TRIANGLE no garantiza la inexistencia de interrupciones o errores en el acceso a la p\u00e1gina o a su contenido, ni que \u00e9sta se encuentre actualizada o libre de virus, ni de cualquier otro elemento en la que puedan producir alteraciones en su sistema inform\u00e1tico. EL TRIANGLE, declina cualquier responsabilidad contractual o extracontractual con la persona o empresa que haga uso de ella y tuviera perjuicios de cualquier naturaleza ocasionados por virus inform\u00e1ticos o por elementos inform\u00e1ticos de cualquier \u00edndole.<br \/>\nEL TRIANGLE no responder\u00e1 de ninguna consecuencia, da\u00f1o o perjuicio que pudieran derivarse del uso inconsentido de la informaci\u00f3n contenida en la misma, o de los derivados de los contenidos, opiniones e informaciones incluidos en nuestra p\u00e1gina web por los usuarios. Los textos, im\u00e1genes, logos, signos distintivos, sonidos, animaciones, v\u00eddeos, c\u00f3digo fuente y resto de contenidos incluidos en este website son propiedad de EL TRIANGLE , o dispone en su caso, del derecho de uso y explotaci\u00f3n de los mismos, y en tal sentido se erigen como obras protegidas por la legislaci\u00f3n de propiedad intelectual e industrial vigentes. EL TRIANGLE se reserva la facultad de efectuar, en cualquier momento, modificaciones y actualizaciones de la informaci\u00f3n contenida en la Web, de la configuraci\u00f3n y presentaci\u00f3n de \u00e9sta, as\u00ed como de sus condiciones y t\u00e9rminos legales de uso. Las modificaciones de pol\u00edticas de privacidad o t\u00e9rminos y condiciones legales ser\u00e1 preavisadas con al menos 15 d\u00edas de antelaci\u00f3n, pudiendo el usuario solicitar su baja por disconformidad con las modificaciones efectuadas.<\/p>\n<h2>2.- Propiedad intelectual e industrial<\/h2>\n<p>Los textos, im\u00e1genes, logos, signos distintivos, sonidos, animaciones, v\u00eddeos, c\u00f3digo fuente y resto de contenidos incluidos en esta web son propiedad de EL TRIANGLE, o dispone en su caso, del derecho de uso y explotaci\u00f3n de los mismos, y en tal sentido se erigen como obras protegidas por la legislaci\u00f3n de propiedad intelectual e industrial vigentes.<\/p>\n<p>Cualquier transmisi\u00f3n, distribuci\u00f3n, reproducci\u00f3n o almacenamiento, total o parcial, de los contenidos almacenados en esta web, queda expresamente prohibido salvo previo y expreso consentimiento del titular. No obstante, los usuarios podr\u00e1n llevar a cabo la reproducci\u00f3n o almacenamiento de los contenidos de la web para su exclusivo uso personal, quedando expresa y terminantemente prohibida la reproducci\u00f3n de elementos o contenidos de esta web, realizados con \u00e1nimo de lucro o fines comerciales.<\/p>\n<h2>3.- Responsabilidad por enlaces<\/h2>\n<p>La empresa responsable de la p\u00e1gina web, declina cualquier responsabilidad por los servicios y\/o informaci\u00f3n que se preste en otras p\u00e1ginas enlazadas con esta Web. EL TRIANGLE no controla ni ejerce ning\u00fan tipo de supervisi\u00f3n cuando incluye el enlace a las mismas, con la creencia de que estos contenidos acatan la legislaci\u00f3n aplicable. No obstante, la utilizaci\u00f3n de enlaces a otras p\u00e1ginas no supone en modo alguno responsabilizaci\u00f3n ni apropiaci\u00f3n del contenido de las mismas, sin que se pueda entender que se produce labor alguna de supervisi\u00f3n ni aprobaci\u00f3n de los cambios o informaciones que se realicen en ellas. Aconsejamos a los visitantes de las mismas actuar con prudencia y consultar las eventuales condiciones legales que se expongan en dichas webs.<\/p>\n<h2>4.- Exclusi\u00f3n de responsabilidad<\/h2>\n<p>EL TRIANGLE no se hace responsable del uso del contenido o la informaci\u00f3n generada o publicada por terceros.<br \/>\nEL TRIANGLE, as\u00ed mismo no se hace responsable de las p\u00e9rdidas o perjuicios que pueda ocasionar al Usuario o Visitante una eventual ca\u00edda del servicio, as\u00ed como tampoco ser\u00e1 responsable de problemas surgidos por la falta de interactividad entre los usuarios o visitantes en estas situaciones.<\/p>\n<h2>5.- Legislaci\u00f3n Aplicable y Jurisidicci\u00f3n<\/h2>\n<p>Esta p\u00e1gina web se rige por la legislaci\u00f3n Espa\u00f1ola y por tanto est\u00e1 sometida a los Juzgados y Tribunales Espa\u00f1oles. Para la resoluci\u00f3n de cualquier tipo de controversia, si el demandante es un consumidor, las partes se someter\u00e1n a los Juzgados y Tribunales de la ciudad de residencia del mismo. En los dem\u00e1s supuestos, las partes se someter\u00e1n a los Juzgados y Tribunales de la ciudad de Barcelona (Espa\u00f1a) .<\/p>\n<h2>POLITICA DE COOKIES<\/h2>\n<h2>\u00bfQue son las Cookies?<\/h2>\n<p>Una cookie es un fichero que se descarga en tu ordenador al acceder a determinadas p\u00e1ginas web. Las cookies permiten a una p\u00e1gina web, entre otras cosas, almacenar y recuperar informaci\u00f3n sobre los h\u00e1bitos de navegaci\u00f3n de un usuario o de su equipo, gestionar el acceso de usuarios a zonas restringidas de la web \u2026etc<\/p>\n<h2>Cookies de An\u00e1lisis<\/h2>\n<p>Son aqu\u00e9llas que posibilitan el seguimiento y an\u00e1lisis del comportamiento de los usuarios en nuestra p\u00e1gina. La informaci\u00f3n recogida se utiliza para la medici\u00f3n de la actividad de los usuarios en la web y la elaboraci\u00f3n de perfiles de navegaci\u00f3n de los usuarios, con la finalidad de mejorar la web, as\u00ed como los productos y servicios ofertados.<\/p>\n<h2>\u00bfQui\u00e9n utiliza las Cookies?<\/h2>\n<p>Las cookies empleadas en esta p\u00e1gina web, son utilizadas por el responsable legal de esta p\u00e1gina web y por los siguientes servicios o proveedores de servicios:<br \/>\n&#8211; Google Analytics: Es un servicio de anal\u00edtica web que utiliza cookies de an\u00e1lisis. Puede consultar la pol\u00edtica de privacidad de este servicio\u00a0<a target=\"_blank\" href=\"http:\/\/www.google.es\/intl\/es\/policies\/privacy\/\"><strong>aqu\u00ed<\/strong><\/a>.<\/p>\n<h2>\u00bfC\u00f3mo puedo desactivar o eliminar las Cookies?<\/h2>\n<p>Puede permitir, bloquear o eliminar las cookies instaladas en su equipo mediante la configuraci\u00f3n de las opciones del navegador instalado en su ordenador. En los siguientes enlaces encontrar\u00e1 informaci\u00f3n adicional sobre las opciones de configuraci\u00f3n de las cookies en los distintos navegadores.<\/p>\n<ul>\n<li><a target=\"_blank\" href=\"https:\/\/support.microsoft.com\/es-es\/products\/windows?os=windows-10\"><strong>Internet Explorer<\/strong><\/a><\/li>\n<li><a target=\"_blank\" href=\"https:\/\/support.google.com\/chrome\/answer\/95647?hl=es\"><strong>Google Chrome<\/strong><\/a><\/li>\n<li><a target=\"_blank\" href=\"https:\/\/support.mozilla.org\/es\/kb\/habilitar-y-deshabilitar-cookies-sitios-web-rastrear-preferencias?redirectlocale=es&amp;redirectslug=habilitar-y-deshabilitar-cookies-que-los-sitios-we\"><strong>Mozilla Firefox<\/strong><\/a><\/li>\n<li><a target=\"_blank\" href=\"https:\/\/support.apple.com\/kb\/ph5042?locale=es_ES\"><strong>Safari<\/strong><\/a><\/li>\n<\/ul>\n","protected":false},"excerpt":{"rendered":"<p>1. Titular del Fichero El titular legal de esta p\u00e1gina web y por tanto de los ficheros con datos de car\u00e1cter personal en los que se incluir\u00e1n los datos recogidos y tratados desde esta p\u00e1gina web es Asociaci\u00f3n de Comerciantes El Triangle (CENTRO COMERCIAL EL TRIANGLE), en adelante EL TRIANGLE, con domicilio de contacto sito [&hellip;]<\/p>\n","protected":false},"author":1,"featured_media":0,"parent":0,"menu_order":0,"comment_status":"closed","ping_status":"closed","template":"","meta":{"inline_featured_image":false,"footnotes":"","_expiration-date-status":"saved","_expiration-date":0,"_expiration-date-type":"","_expiration-date-categories":[],"_expiration-date-options":[]},"class_list":["post-724","page","type-page","status-publish","hentry"],"yoast_head":"<!-- This site is optimized with the Yoast SEO plugin v26.6 - https:\/\/yoast.com\/wordpress\/plugins\/seo\/ -->\n<title>Privacy Policy | Legal Notice | El Triangle Shopping Mall<\/title>\n<meta name=\"description\" content=\"At the El Triangle Shopping Center, we have our privacy policy and legal notice available for everyone to consult at any time.\" \/>\n<meta name=\"robots\" content=\"noindex, follow\" \/>\n<meta property=\"og:locale\" content=\"en_US\" \/>\n<meta property=\"og:type\" content=\"article\" \/>\n<meta property=\"og:title\" content=\"Privacy Policy | Legal Notice | El Triangle Shopping Mall\" \/>\n<meta property=\"og:description\" content=\"At the El Triangle Shopping Center, we have our privacy policy and legal notice available for everyone to consult at any time.\" \/>\n<meta property=\"og:url\" content=\"https:\/\/www.eltriangle.es\/en\/legal-notice\/\" \/>\n<meta property=\"og:site_name\" content=\"Centro Comercial El Triangle\" \/>\n<meta property=\"article:publisher\" content=\"https:\/\/www.facebook.com\/eltriangle\" \/>\n<meta property=\"article:modified_time\" content=\"2018-05-18T07:58:25+00:00\" \/>\n<meta name=\"twitter:card\" content=\"summary_large_image\" \/>\n<meta name=\"twitter:site\" content=\"@eltriangle\" \/>\n<meta name=\"twitter:label1\" content=\"Est. reading time\" \/>\n\t<meta name=\"twitter:data1\" content=\"9 minutes\" \/>\n<script type=\"application\/ld+json\" class=\"yoast-schema-graph\">{\"@context\":\"https:\/\/schema.org\",\"@graph\":[{\"@type\":\"WebPage\",\"@id\":\"https:\/\/www.eltriangle.es\/en\/legal-notice\/\",\"url\":\"https:\/\/www.eltriangle.es\/en\/legal-notice\/\",\"name\":\"Privacy Policy | Legal Notice | El Triangle Shopping Mall\",\"isPartOf\":{\"@id\":\"https:\/\/www.eltriangle.es\/en\/#website\"},\"datePublished\":\"2017-09-21T06:54:11+00:00\",\"dateModified\":\"2018-05-18T07:58:25+00:00\",\"description\":\"At the El Triangle Shopping Center, we have our privacy policy and legal notice available for everyone to consult at any time.\",\"breadcrumb\":{\"@id\":\"https:\/\/www.eltriangle.es\/en\/legal-notice\/#breadcrumb\"},\"inLanguage\":\"en-US\",\"potentialAction\":[{\"@type\":\"ReadAction\",\"target\":[\"https:\/\/www.eltriangle.es\/en\/legal-notice\/\"]}]},{\"@type\":\"BreadcrumbList\",\"@id\":\"https:\/\/www.eltriangle.es\/en\/legal-notice\/#breadcrumb\",\"itemListElement\":[{\"@type\":\"ListItem\",\"position\":1,\"name\":\"Portada\",\"item\":\"https:\/\/www.eltriangle.es\/en\/\"},{\"@type\":\"ListItem\",\"position\":2,\"name\":\"Legal Notice\"}]},{\"@type\":\"WebSite\",\"@id\":\"https:\/\/www.eltriangle.es\/en\/#website\",\"url\":\"https:\/\/www.eltriangle.es\/en\/\",\"name\":\"Centro Comercial El Triangle\",\"description\":\"\",\"publisher\":{\"@id\":\"https:\/\/www.eltriangle.es\/en\/#organization\"},\"potentialAction\":[{\"@type\":\"SearchAction\",\"target\":{\"@type\":\"EntryPoint\",\"urlTemplate\":\"https:\/\/www.eltriangle.es\/en\/?s={search_term_string}\"},\"query-input\":{\"@type\":\"PropertyValueSpecification\",\"valueRequired\":true,\"valueName\":\"search_term_string\"}}],\"inLanguage\":\"en-US\"},{\"@type\":\"Organization\",\"@id\":\"https:\/\/www.eltriangle.es\/en\/#organization\",\"name\":\"Centro Comercial en Barcelona \u00b7 El Triangle\",\"url\":\"https:\/\/www.eltriangle.es\/en\/\",\"logo\":{\"@type\":\"ImageObject\",\"inLanguage\":\"en-US\",\"@id\":\"https:\/\/www.eltriangle.es\/en\/#\/schema\/logo\/image\/\",\"url\":\"https:\/\/www.eltriangle.es\/wp-content\/uploads\/logo-el-triangle-promo-sant-jordi.jpg\",\"contentUrl\":\"https:\/\/www.eltriangle.es\/wp-content\/uploads\/logo-el-triangle-promo-sant-jordi.jpg\",\"width\":1250,\"height\":600,\"caption\":\"Centro Comercial en Barcelona \u00b7 El Triangle\"},\"image\":{\"@id\":\"https:\/\/www.eltriangle.es\/en\/#\/schema\/logo\/image\/\"},\"sameAs\":[\"https:\/\/www.facebook.com\/eltriangle\",\"https:\/\/x.com\/eltriangle\",\"https:\/\/www.instagram.com\/eltriangle\/\",\"https:\/\/www.linkedin.com\/company\/el-triangle-centre-comercial\/\",\"https:\/\/www.youtube.com\/channel\/UCDtos-JsOx0wh6v3W9xagRw\"]}]}<\/script>\n<!-- \/ Yoast SEO plugin. -->","yoast_head_json":{"title":"Privacy Policy | Legal Notice | El Triangle Shopping Mall","description":"At the El Triangle Shopping Center, we have our privacy policy and legal notice available for everyone to consult at any time.","robots":{"index":"noindex","follow":"follow"},"og_locale":"en_US","og_type":"article","og_title":"Privacy Policy | Legal Notice | El Triangle Shopping Mall","og_description":"At the El Triangle Shopping Center, we have our privacy policy and legal notice available for everyone to consult at any time.","og_url":"https:\/\/www.eltriangle.es\/en\/legal-notice\/","og_site_name":"Centro Comercial El Triangle","article_publisher":"https:\/\/www.facebook.com\/eltriangle","article_modified_time":"2018-05-18T07:58:25+00:00","twitter_card":"summary_large_image","twitter_site":"@eltriangle","twitter_misc":{"Est. reading time":"9 minutes"},"schema":{"@context":"https:\/\/schema.org","@graph":[{"@type":"WebPage","@id":"https:\/\/www.eltriangle.es\/en\/legal-notice\/","url":"https:\/\/www.eltriangle.es\/en\/legal-notice\/","name":"Privacy Policy | Legal Notice | El Triangle Shopping Mall","isPartOf":{"@id":"https:\/\/www.eltriangle.es\/en\/#website"},"datePublished":"2017-09-21T06:54:11+00:00","dateModified":"2018-05-18T07:58:25+00:00","description":"At the El Triangle Shopping Center, we have our privacy policy and legal notice available for everyone to consult at any time.","breadcrumb":{"@id":"https:\/\/www.eltriangle.es\/en\/legal-notice\/#breadcrumb"},"inLanguage":"en-US","potentialAction":[{"@type":"ReadAction","target":["https:\/\/www.eltriangle.es\/en\/legal-notice\/"]}]},{"@type":"BreadcrumbList","@id":"https:\/\/www.eltriangle.es\/en\/legal-notice\/#breadcrumb","itemListElement":[{"@type":"ListItem","position":1,"name":"Portada","item":"https:\/\/www.eltriangle.es\/en\/"},{"@type":"ListItem","position":2,"name":"Legal Notice"}]},{"@type":"WebSite","@id":"https:\/\/www.eltriangle.es\/en\/#website","url":"https:\/\/www.eltriangle.es\/en\/","name":"Centro Comercial El Triangle","description":"","publisher":{"@id":"https:\/\/www.eltriangle.es\/en\/#organization"},"potentialAction":[{"@type":"SearchAction","target":{"@type":"EntryPoint","urlTemplate":"https:\/\/www.eltriangle.es\/en\/?s={search_term_string}"},"query-input":{"@type":"PropertyValueSpecification","valueRequired":true,"valueName":"search_term_string"}}],"inLanguage":"en-US"},{"@type":"Organization","@id":"https:\/\/www.eltriangle.es\/en\/#organization","name":"Centro Comercial en Barcelona \u00b7 El Triangle","url":"https:\/\/www.eltriangle.es\/en\/","logo":{"@type":"ImageObject","inLanguage":"en-US","@id":"https:\/\/www.eltriangle.es\/en\/#\/schema\/logo\/image\/","url":"https:\/\/www.eltriangle.es\/wp-content\/uploads\/logo-el-triangle-promo-sant-jordi.jpg","contentUrl":"https:\/\/www.eltriangle.es\/wp-content\/uploads\/logo-el-triangle-promo-sant-jordi.jpg","width":1250,"height":600,"caption":"Centro Comercial en Barcelona \u00b7 El Triangle"},"image":{"@id":"https:\/\/www.eltriangle.es\/en\/#\/schema\/logo\/image\/"},"sameAs":["https:\/\/www.facebook.com\/eltriangle","https:\/\/x.com\/eltriangle","https:\/\/www.instagram.com\/eltriangle\/","https:\/\/www.linkedin.com\/company\/el-triangle-centre-comercial\/","https:\/\/www.youtube.com\/channel\/UCDtos-JsOx0wh6v3W9xagRw"]}]}},"_links":{"self":[{"href":"https:\/\/www.eltriangle.es\/en\/wp-json\/wp\/v2\/pages\/724","targetHints":{"allow":["GET"]}}],"collection":[{"href":"https:\/\/www.eltriangle.es\/en\/wp-json\/wp\/v2\/pages"}],"about":[{"href":"https:\/\/www.eltriangle.es\/en\/wp-json\/wp\/v2\/types\/page"}],"author":[{"embeddable":true,"href":"https:\/\/www.eltriangle.es\/en\/wp-json\/wp\/v2\/users\/1"}],"replies":[{"embeddable":true,"href":"https:\/\/www.eltriangle.es\/en\/wp-json\/wp\/v2\/comments?post=724"}],"version-history":[{"count":0,"href":"https:\/\/www.eltriangle.es\/en\/wp-json\/wp\/v2\/pages\/724\/revisions"}],"wp:attachment":[{"href":"https:\/\/www.eltriangle.es\/en\/wp-json\/wp\/v2\/media?parent=724"}],"curies":[{"name":"wp","href":"https:\/\/api.w.org\/{rel}","templated":true}]}}