{"id":723,"date":"2017-09-21T08:54:11","date_gmt":"2017-09-21T06:54:11","guid":{"rendered":"https:\/\/eltriangle.es\/?page_id=723"},"modified":"2021-05-31T17:10:19","modified_gmt":"2021-05-31T15:10:19","slug":"legal","status":"publish","type":"page","link":"https:\/\/www.eltriangle.es\/ca\/legal\/","title":{"rendered":"Legal"},"content":{"rendered":"<h2>1. Titular del Fitxer<\/h2>\n<p>El titular legal d\u2019aquesta p\u00e0gina web i per tant dels fitxers amb dades de car\u00e0cter personal en els quals s\u2019inclouran les dades recollides i tractades des d\u2019aquesta p\u00e0gina web \u00e9s Asociaci\u00f3n de Comerciantes El Triangle (CENTRE COMERCIAL EL TRIANGLE), en endavant EL TRIANGLE, amb domicili de contacte a Pla\u00e7a Catalunya 1-4 08002 Barcelona y adre\u00e7a email <a href=\"mailto:info@eltriangle.es\"><strong>info@eltriangle.es<\/strong><\/a><\/p>\n<h2>2. Dades Recollides<\/h2>\n<p>Es pot visitar la p\u00e0gina web www.eltriangle.es sense necessitat de facilitar cap dada de car\u00e0cter personal, no obstant existeixen diversos formularis de contacte on es recullen dades de car\u00e0cter personal. EL TRIANGLE \u00fanicament recull les dades personals que resulten necess\u00e0ries per facilitar-li la informaci\u00f3 que ens sol\u00b7liciti sobre els nostres productes i serveis.<\/p>\n<h2>3. \u00das i finalitat de les dades recollides<\/h2>\n<p>En aquesta p\u00e0gina web es recullen dades de car\u00e0cter personal amb la seg\u00fcent finalitat: &#8211; <strong>Enviament d\u2019informaci\u00f3:<\/strong> La informaci\u00f3 introdu\u00efda en els formularis de contacte s\u2019emprar\u00e0 per facilitar-li la informaci\u00f3 que ens sol\u00b7liciti sobre EL TRIANGLE i els negocis instal\u00b7lats en aquest. &#8211; <strong>Enviament de Newsletter:<\/strong> Les dades subministrades en els formularis de subscripci\u00f3 a la nostra newsletter, seran empleats per enviar-li informaci\u00f3 per via electr\u00f2nica sobre les ofertes, promocions i esdeveniments del centre comercial.<\/p>\n<h2>4. Facebook<\/h2>\n<p>Les dades que es recullin a trav\u00e9s de la nostra p\u00e0gina de Facebook seran incloses en els nostres fitxers amb la finalitat d\u2019enviar-li informaci\u00f3 per via electr\u00f2nica sobre les activitats i promocions del Centre Comercial El Triangle. Pot exercir els drets d\u2019acc\u00e9s, rectificaci\u00f3, cancel\u00b7laci\u00f3 i oposici\u00f3 a trav\u00e9s dels mitjans indicats en aquesta pol\u00edtica de privacitat.<\/p>\n<h2>5. Revelaci\u00f3 de dades personals a tercers<\/h2>\n<p>EL TRIANGLE, no t\u00e9 previst revelar les seves dades personals m\u00e9s enll\u00e0 dels casos en qu\u00e8 una Llei ens obligui (administracions p\u00fabliques, autoritats administratives o judicials, etc.) No obstant aix\u00f2, si sol\u00b7licita informaci\u00f3 sobre qualsevol dels comer\u00e7os instal\u00b7lats en el nostre centre comercial, procedirem a reenviar la sol\u00b7licitud al comer\u00e7 afectat.<\/p>\n<h2>6. Exercici de Drets<\/h2>\n<p>En qualsevol moment podr\u00e0s exercir els Drets d\u2019acc\u00e9s, rectificaci\u00f3, cancel\u00b7laci\u00f3 i oposici\u00f3 mitjan\u00e7ant l\u2019enviament de la sol\u00b7licitud d\u2019exercici corresponent junt amb una c\u00f2pia del document oficial que t\u2019identifiqui (DNI, carnet de conduir o passaport) a la adre\u00e7a de correu electr\u00f2nic <a href=\"mailto:info@eltriangle.es\"><strong>info@eltriangle.es<\/strong><\/a> o personalment a les nostres oficines a Pla\u00e7a Catalunya 1-4 08002 Barcelona.<\/p>\n<h2>7. Newsletter<\/h2>\n<p>Aquest correu electr\u00f2nic ha estat rem\u00e8s pel Centre Comercial El Triangle (Asociaci\u00f3n de Comerciantes de El Triangle de Pla\u00e7a de Catalunya 1) a la llista de clients, subscriptors i usuaris del Centre Comercial. Si no desitja rebre m\u00e9s correus electr\u00f2nics d\u2019aquest tipus pot comunicar-ho a la adre\u00e7a de email <a href=\"mailto:info@eltriangle.es\"><strong>info@eltriangle.es<\/strong><\/a> o fent click a l\u2019enlla\u00e7 \u201cDonar-se de Baixa\u201d. De la mateixa manera, l\u2019informem que les seves dades personals es troben incorporades als nostres fitxers amb la finalitat d\u2019enviar-li informaci\u00f3 sobre les novetats, ofertes i promocions del Centre Comercial El Triangle i els comer\u00e7os instal\u00b7lats en ell. Pot exercir els drets d\u2019acc\u00e9s, rectificaci\u00f3, cancel\u00b7laci\u00f3 o oposici\u00f3 a trav\u00e9s de la adre\u00e7a d\u2019email <a href=\"mailto:info@eltriangle.es\"><strong>info@eltriangle.es<\/strong><\/a> o mitjan\u00e7ant comunicaci\u00f3 escrita dirigida a la nostra adre\u00e7a postal, Pla\u00e7a Catalunya 1, (Ger\u00e8ncia del Centro Comercial), 08002 Barcelona.<\/p>\n<h2>AV\u00cdS LEGAL<\/h2>\n<p>En compliment del que estableix en la Llei 34\/2002 de 11 de Juliol, de Serveis de la Societat de La Informaci\u00f3 i el Comer\u00e7 Electr\u00f2nic (LSSICE), s\u2019informa de les seg\u00fcents aspectes legals:<\/p>\n<p>Identificaci\u00f3 de la web: <a href=\"http:\/\/eltriangle.es\/\" target=\"blank\" rel=\"noopener\"><strong>www.eltriangle.es<\/strong><\/a><br \/>\nResponsable de la web: COMUNIDAD DE PROPIETARIOS DE PLAZA DE CATALUNYA 1-4 (CENTRE COMERCIAL EL TRIANGLE)<br \/>\nDomicili de Contacte: Pla\u00e7a Catalunya 1-4 08002 Barcelona Email de Contacte: <a href=\"mailto:info@eltriangle.es\"><strong>info@eltriangle.es<\/strong><\/a><br \/>\nTel\u00e8fon: 933 180 108<br \/>\nDades Fiscals: H-63.559.272<\/p>\n<h2>CONDICIONS GENERALS D\u2019\u00daS DE LA P\u00c0GINA WEB<\/h2>\n<h2>1.- Condicions d\u2019\u00das per als visitants de la p\u00e0gina web<\/h2>\n<p>Les presents condicions legals regulen l\u2019\u00fas legal perm\u00e8s de la p\u00e0gina web www.eltriangle.es, el responsable legal de la qual \u00e9s COMUNIDAD DE PROPIETARIOS DE PLA\u00c7A DE CATALUNYA 1-4 (CENTRE COMERCIAL EL TRIANGLE) en endavant EL TRIANGLE. Aquetes condicions generals regulen l\u2019acc\u00e9s i \u00fas que el titular de la web posa gratu\u00eftament a disposici\u00f3 dels usuaris d\u2019Internet. L\u2019acc\u00e9s a la web implica la seva acceptaci\u00f3 sense reserves. El mer \u00fas de la web, aix\u00ed com la sol\u00b7licitud d\u2019informaci\u00f3 o enregistrar-se, suposa l\u2019acceptaci\u00f3 plena de les presents condicions. El visitant s\u2019obliga a utilitzar la web, els serveis i els continguts de forma diligent, correcta i l\u00edcita i, en particular, es compromet a no suprimir, eludir o manipular el &#8220;copyright&#8221; i altres dades identificatives dels drets dels seus titulares incorporats als continguts, aix\u00ed como els dispositius t\u00e8cnics de protecci\u00f3, o mecanismes d\u2019informaci\u00f3 que poguessin contenir els continguts. Aix\u00ed mateix, es compromet a no alterar, re programar, modificar, adaptar ni traduir el codi font d\u2019aquesta p\u00e0gina web. Tota reproducci\u00f3 parcial o total del codi font de la p\u00e0gina web en qualsevol suport i per qualsevol ra\u00f3 es considerar\u00e0 una c\u00f2pia no autoritzada. Per poder utilitzar aquesta p\u00e0gina web i enregistrar-se com a usuari, el visitant ha de ser major de 18 anys, EL TRIANGLE es reserva el dret a comprovar aquesta circumstancia sol\u00b7licitant a l\u2019usuari la acreditaci\u00f3 de la seva edat. EL TRIANGLE no garanteix la inexist\u00e8ncia de interrupcions o errors en l\u2019acc\u00e9s a la p\u00e0gina o al seu contingut, ni que aquesta es trobi actualitzada o lliure de virus, ni de qualsevol altre element que pugui produir alteracions en el seu sistema inform\u00e0tic. EL TRIANGLE, declina qualsevol responsabilitat contractual o extracontractual amb la persona o empresa que faci uso d\u2019ella i tingu\u00e9s perjudicis de qualsevol mena ocasionats per virus inform\u00e0tics o per elements inform\u00e0tics de qualsevol \u00edndole.<br \/>\nEL TRIANGLE no respondr\u00e0 de cap conseq\u00fc\u00e8ncia, dany o perjudici que pogu\u00e9s derivar-se de l\u2019\u00fas no consentit de la informaci\u00f3 continguda en la mateixa, o dels derivats dels continguts, opinions i informacions inclosos a la nostra p\u00e0gina web pels usuaris. Els textos, imatges, logos, signes distintius, sons, animacions, v\u00eddeos, codi font i la resta de continguts inclosos en aquest website s\u00f3n propietat de EL TRIANGLE , o disposa en el seu cas, del dret d\u2019\u00fas i explotaci\u00f3 dels mateixos, i en tal sentit s\u2019erigeixen com a obres protegides per la legislaci\u00f3 de propietat intel\u00b7lectual i industrial vigents. EL TRIANGLE es reserva la facultat d\u2019efectuar, en qualsevol moment, modificacions i actualitzacions de la informaci\u00f3 continguda en la Web, de la configuraci\u00f3 i presentaci\u00f3 d\u2019aquesta, aix\u00ed com de les seves condicions i termes legals d\u2019\u00fas. Les modificacions de pol\u00edtiques de privacitat o termes i condicions legals ser\u00e0 pre avisada amb al menys 15 dies d\u2019antelaci\u00f3, podent l\u2019usuari sol\u00b7licitar la seva baixa per disconformitat amb les modificacions efectuades.<\/p>\n<h2>2.- Propietat intel\u00b7lectual i industrial<\/h2>\n<p>Els textos, imatges, logos, signes distintius, sons, animacions, v\u00eddeos, codi font i la resta de continguts inclosos en aquest website s\u00f3n propietat de EL TRIANGLE , o disposa en el seu cas, del dret d\u2019\u00fas i explotaci\u00f3 dels mateixos, i en tal sentit s\u2019erigeixen com a obres protegides per la legislaci\u00f3 de propietat intel\u00b7lectual i industrial vigents.<br \/>\nQualsevol transmissi\u00f3, distribuci\u00f3, reproducci\u00f3 o emmagatzematge, total o parcial, dels continguts emmagatzemats en aquesta web, queda expressament prohibit excepte previ i expr\u00e9s consentiment del titular. No obstant, els usuaris podran reproduir o emmagatzemar els continguts de la web per un \u00fas personal exclusiu, quedant palesa y terminantment prohibida la reproducci\u00f3 dels elements o continguts d\u2019aquesta web, realitzats amb \u00e0nim de lucre o fins comercials.<\/p>\n<h2>3.- Responsabilitat per enlla\u00e7os<\/h2>\n<p>L\u2019empresa responsable de la p\u00e0gina web, declina qualsevol responsabilitat pels serveis i\/o informaci\u00f3 que es presti en altres p\u00e0gines enlla\u00e7ades amb aquesta Web. EL TRIANGLE no controla ni exerceix cap tipus de supervisi\u00f3 quan inclou enlla\u00e7 a les mateixes, amb la creen\u00e7a de que aquests continguts acaten la legislaci\u00f3 aplicable. No obstant, la utilitzaci\u00f3 d\u2019enlla\u00e7os a altres p\u00e0gines no suposa de cap manera la responsabilitzaci\u00f3 ni apropiaci\u00f3 del contingut de les mateixes, sense que es pugui entendre que es produeix cap tasca de supervisi\u00f3 ni aprovaci\u00f3 dels canvis o informacions que es realitzen en elles. Aconsellem als visitants actuar amb prud\u00e8ncia i consultar les eventuals condicions legals que s\u2019exposin en aquestes webs.<\/p>\n<h2>4.- Exclusi\u00f3 de responsabilitat<\/h2>\n<p>EL TRIANGLE no es fa responsable de l\u2019\u00fas del contingut o la informaci\u00f3 generada o publicada por tercers.<br \/>\nEL TRIANGLE, aix\u00ed mateix no es fa responsable de las p\u00e8rdues o perjudicis que pugui ocasionar a l\u2019Usuari o Visitant una eventual caiguda del servei, aix\u00ed com tampoc ser\u00e0 responsable de problemes sorgits per la falta d\u2019interactivitat entre els usuaris o visitants en aquestes situacions.<\/p>\n<h2>5.- Legislaci\u00f3 Aplicable i Jurisdicci\u00f3<\/h2>\n<p>Aquesta p\u00e0gina web es regeix per la legislaci\u00f3 Espanyola i per tant est\u00e0 sotmesa als Jutjats i Tribunals Espanyols. Per la resoluci\u00f3 de qualsevol tipus de controv\u00e8rsia, si el demandant \u00e9s un consumidor, les parts se sotmetran als Jutjats i Tribunals de la ciutat de resid\u00e8ncia del mateix. En els altres sup\u00f2sits, les parts se sotmetran als Jutjats i Tribunals de la ciutat de Barcelona (Espanya).<\/p>\n<h2>POL\u00cdTICA DE COOKIES<\/h2>\n<h2>Qu\u00e8 s\u00f3n les Cookies?<\/h2>\n<p>Una cookie \u00e9s un fitxer que es descarrega al teu ordinador en accedir a determinades p\u00e0gines web. Les cookies permeten a una p\u00e0gina web, entre altres coses, emmagatzemar i recuperar informaci\u00f3 sobre els h\u00e0bits de navegaci\u00f3 d\u2019un usuari o del seu equip, gestionar l\u2019acc\u00e9s d\u2019usuaris a zones restringides de la web, etc.<\/p>\n<h2>Cookies d\u2019An\u00e0lisis<\/h2>\n<p>S\u00f3n aquelles que possibiliten el seguiment i an\u00e0lisi del comportament dels usuaris en la nostra p\u00e0gina. La informaci\u00f3 recollida s\u2019utilitza per mesurar l\u2019activitat dels usuaris en la web i la elaboraci\u00f3 de perfils de navegaci\u00f3 dels usuaris, amb la finalitat de millorar la web, aix\u00ed como els productes i serveis oferts.<\/p>\n<h2>Qui utilitza les Cookies?<\/h2>\n<p>Les cookies empleades en aquesta p\u00e0gina web, s\u00f3n utilitzades pel responsable legal d\u2019aquesta p\u00e0gina web i pels seg\u00fcents serveis o prove\u00efdors de serveis:<br \/>\n&#8211; Google Analytics: \u00c9s un servei d\u2019anal\u00edtica web que utilitza cookies d\u2019an\u00e0lisis. Pot consultar la pol\u00edtica de privacitat d\u2019aquest servei\u00a0<a href=\"http:\/\/www.google.es\/intl\/es\/policies\/privacy\/\" target=\"_blank\" rel=\"noopener\"><strong>aqui<\/strong><\/a>.<\/p>\n<h2>Com puc desactivar o eliminar les Cookies?<\/h2>\n<p>Pot permetre, bloquejar o eliminar les cookies instal\u00b7lades al seu equip mitjan\u00e7ant la configuraci\u00f3 de les opcions del navegador instal\u00b7lat en el seu ordinador. En els seg\u00fcents enlla\u00e7os trobar\u00e0 informaci\u00f3 addicional sobre les opcions de configuraci\u00f3 de ls cookies en els diferents navegadors.<\/p>\n<ul>\n<li><a href=\"https:\/\/support.microsoft.com\/es-es\/products\/windows?os=windows-10\" target=\"_blank\" rel=\"noopener\"><strong>Internet Explorer<\/strong><\/a><\/li>\n<li><a href=\"https:\/\/support.google.com\/chrome\/answer\/95647?hl=ca\" target=\"_blank\" rel=\"noopener\"><strong>Google Chrome<\/strong><\/a><\/li>\n<li><a href=\"https:\/\/support.mozilla.org\/ca\/kb\/activa-i-desactiva-les-galetes-que-les-pagines-web\" target=\"_blank\" rel=\"noopener\"><strong>Mozilla Firefox<\/strong><\/a><\/li>\n<li><a href=\"https:\/\/support.apple.com\/kb\/ph5042?locale=es_ES\" target=\"_blank\" rel=\"noopener\"><strong>Safari<\/strong><\/a><\/li>\n<\/ul>\n","protected":false},"excerpt":{"rendered":"<p>1. Titular del Fitxer El titular legal d\u2019aquesta p\u00e0gina web i per tant dels fitxers amb dades de car\u00e0cter personal en els quals s\u2019inclouran les dades recollides i tractades des d\u2019aquesta p\u00e0gina web \u00e9s Asociaci\u00f3n de Comerciantes El Triangle (CENTRE COMERCIAL EL TRIANGLE), en endavant EL TRIANGLE, amb domicili de contacte a Pla\u00e7a Catalunya 1-4 [&hellip;]<\/p>\n","protected":false},"author":1,"featured_media":0,"parent":0,"menu_order":0,"comment_status":"closed","ping_status":"closed","template":"","meta":{"inline_featured_image":false,"footnotes":"","_expiration-date-status":"saved","_expiration-date":0,"_expiration-date-type":"","_expiration-date-categories":[],"_expiration-date-options":[]},"class_list":["post-723","page","type-page","status-publish","hentry"],"yoast_head":"<!-- This site is optimized with the Yoast SEO plugin v26.6 - https:\/\/yoast.com\/wordpress\/plugins\/seo\/ -->\n<title>Pol\u00edtica de Privacitat | Centre Comercial el Triangle<\/title>\n<meta name=\"description\" content=\"Al Centre Comercial El Triangle posem a disposici\u00f3 de tots la nostra pol\u00edtica de privacitat i av\u00eds legal per a consultar-los cuan vulguis.\" \/>\n<meta name=\"robots\" content=\"noindex, follow\" \/>\n<meta property=\"og:locale\" content=\"ca_ES\" \/>\n<meta property=\"og:type\" content=\"article\" \/>\n<meta property=\"og:title\" content=\"Pol\u00edtica de Privacitat | Centre Comercial el Triangle\" \/>\n<meta property=\"og:description\" content=\"Al Centre Comercial El Triangle posem a disposici\u00f3 de tots la nostra pol\u00edtica de privacitat i av\u00eds legal per a consultar-los cuan vulguis.\" \/>\n<meta property=\"og:url\" content=\"https:\/\/www.eltriangle.es\/ca\/legal\/\" \/>\n<meta property=\"og:site_name\" content=\"Centro Comercial El Triangle\" \/>\n<meta property=\"article:publisher\" content=\"https:\/\/www.facebook.com\/eltriangle\" \/>\n<meta property=\"article:modified_time\" content=\"2021-05-31T15:10:19+00:00\" \/>\n<meta name=\"twitter:card\" content=\"summary_large_image\" \/>\n<meta name=\"twitter:site\" content=\"@eltriangle\" \/>\n<meta name=\"twitter:label1\" content=\"Temps estimat de lectura\" \/>\n\t<meta name=\"twitter:data1\" content=\"9 minuts\" \/>\n<script type=\"application\/ld+json\" class=\"yoast-schema-graph\">{\"@context\":\"https:\/\/schema.org\",\"@graph\":[{\"@type\":\"WebPage\",\"@id\":\"https:\/\/www.eltriangle.es\/ca\/legal\/\",\"url\":\"https:\/\/www.eltriangle.es\/ca\/legal\/\",\"name\":\"Pol\u00edtica de Privacitat | Centre Comercial el Triangle\",\"isPartOf\":{\"@id\":\"https:\/\/www.eltriangle.es\/ca\/#website\"},\"datePublished\":\"2017-09-21T06:54:11+00:00\",\"dateModified\":\"2021-05-31T15:10:19+00:00\",\"description\":\"Al Centre Comercial El Triangle posem a disposici\u00f3 de tots la nostra pol\u00edtica de privacitat i av\u00eds legal per a consultar-los cuan vulguis.\",\"breadcrumb\":{\"@id\":\"https:\/\/www.eltriangle.es\/ca\/legal\/#breadcrumb\"},\"inLanguage\":\"ca\",\"potentialAction\":[{\"@type\":\"ReadAction\",\"target\":[\"https:\/\/www.eltriangle.es\/ca\/legal\/\"]}]},{\"@type\":\"BreadcrumbList\",\"@id\":\"https:\/\/www.eltriangle.es\/ca\/legal\/#breadcrumb\",\"itemListElement\":[{\"@type\":\"ListItem\",\"position\":1,\"name\":\"Portada\",\"item\":\"https:\/\/www.eltriangle.es\/ca\/\"},{\"@type\":\"ListItem\",\"position\":2,\"name\":\"Legal\"}]},{\"@type\":\"WebSite\",\"@id\":\"https:\/\/www.eltriangle.es\/ca\/#website\",\"url\":\"https:\/\/www.eltriangle.es\/ca\/\",\"name\":\"Centro Comercial El Triangle\",\"description\":\"\",\"publisher\":{\"@id\":\"https:\/\/www.eltriangle.es\/ca\/#organization\"},\"potentialAction\":[{\"@type\":\"SearchAction\",\"target\":{\"@type\":\"EntryPoint\",\"urlTemplate\":\"https:\/\/www.eltriangle.es\/ca\/?s={search_term_string}\"},\"query-input\":{\"@type\":\"PropertyValueSpecification\",\"valueRequired\":true,\"valueName\":\"search_term_string\"}}],\"inLanguage\":\"ca\"},{\"@type\":\"Organization\",\"@id\":\"https:\/\/www.eltriangle.es\/ca\/#organization\",\"name\":\"Centro Comercial en Barcelona \u00b7 El Triangle\",\"url\":\"https:\/\/www.eltriangle.es\/ca\/\",\"logo\":{\"@type\":\"ImageObject\",\"inLanguage\":\"ca\",\"@id\":\"https:\/\/www.eltriangle.es\/ca\/#\/schema\/logo\/image\/\",\"url\":\"https:\/\/www.eltriangle.es\/wp-content\/uploads\/logo-el-triangle-promo-sant-jordi.jpg\",\"contentUrl\":\"https:\/\/www.eltriangle.es\/wp-content\/uploads\/logo-el-triangle-promo-sant-jordi.jpg\",\"width\":1250,\"height\":600,\"caption\":\"Centro Comercial en Barcelona \u00b7 El Triangle\"},\"image\":{\"@id\":\"https:\/\/www.eltriangle.es\/ca\/#\/schema\/logo\/image\/\"},\"sameAs\":[\"https:\/\/www.facebook.com\/eltriangle\",\"https:\/\/x.com\/eltriangle\",\"https:\/\/www.instagram.com\/eltriangle\/\",\"https:\/\/www.linkedin.com\/company\/el-triangle-centre-comercial\/\",\"https:\/\/www.youtube.com\/channel\/UCDtos-JsOx0wh6v3W9xagRw\"]}]}<\/script>\n<!-- \/ Yoast SEO plugin. -->","yoast_head_json":{"title":"Pol\u00edtica de Privacitat | Centre Comercial el Triangle","description":"Al Centre Comercial El Triangle posem a disposici\u00f3 de tots la nostra pol\u00edtica de privacitat i av\u00eds legal per a consultar-los cuan vulguis.","robots":{"index":"noindex","follow":"follow"},"og_locale":"ca_ES","og_type":"article","og_title":"Pol\u00edtica de Privacitat | Centre Comercial el Triangle","og_description":"Al Centre Comercial El Triangle posem a disposici\u00f3 de tots la nostra pol\u00edtica de privacitat i av\u00eds legal per a consultar-los cuan vulguis.","og_url":"https:\/\/www.eltriangle.es\/ca\/legal\/","og_site_name":"Centro Comercial El Triangle","article_publisher":"https:\/\/www.facebook.com\/eltriangle","article_modified_time":"2021-05-31T15:10:19+00:00","twitter_card":"summary_large_image","twitter_site":"@eltriangle","twitter_misc":{"Temps estimat de lectura":"9 minuts"},"schema":{"@context":"https:\/\/schema.org","@graph":[{"@type":"WebPage","@id":"https:\/\/www.eltriangle.es\/ca\/legal\/","url":"https:\/\/www.eltriangle.es\/ca\/legal\/","name":"Pol\u00edtica de Privacitat | Centre Comercial el Triangle","isPartOf":{"@id":"https:\/\/www.eltriangle.es\/ca\/#website"},"datePublished":"2017-09-21T06:54:11+00:00","dateModified":"2021-05-31T15:10:19+00:00","description":"Al Centre Comercial El Triangle posem a disposici\u00f3 de tots la nostra pol\u00edtica de privacitat i av\u00eds legal per a consultar-los cuan vulguis.","breadcrumb":{"@id":"https:\/\/www.eltriangle.es\/ca\/legal\/#breadcrumb"},"inLanguage":"ca","potentialAction":[{"@type":"ReadAction","target":["https:\/\/www.eltriangle.es\/ca\/legal\/"]}]},{"@type":"BreadcrumbList","@id":"https:\/\/www.eltriangle.es\/ca\/legal\/#breadcrumb","itemListElement":[{"@type":"ListItem","position":1,"name":"Portada","item":"https:\/\/www.eltriangle.es\/ca\/"},{"@type":"ListItem","position":2,"name":"Legal"}]},{"@type":"WebSite","@id":"https:\/\/www.eltriangle.es\/ca\/#website","url":"https:\/\/www.eltriangle.es\/ca\/","name":"Centro Comercial El Triangle","description":"","publisher":{"@id":"https:\/\/www.eltriangle.es\/ca\/#organization"},"potentialAction":[{"@type":"SearchAction","target":{"@type":"EntryPoint","urlTemplate":"https:\/\/www.eltriangle.es\/ca\/?s={search_term_string}"},"query-input":{"@type":"PropertyValueSpecification","valueRequired":true,"valueName":"search_term_string"}}],"inLanguage":"ca"},{"@type":"Organization","@id":"https:\/\/www.eltriangle.es\/ca\/#organization","name":"Centro Comercial en Barcelona \u00b7 El Triangle","url":"https:\/\/www.eltriangle.es\/ca\/","logo":{"@type":"ImageObject","inLanguage":"ca","@id":"https:\/\/www.eltriangle.es\/ca\/#\/schema\/logo\/image\/","url":"https:\/\/www.eltriangle.es\/wp-content\/uploads\/logo-el-triangle-promo-sant-jordi.jpg","contentUrl":"https:\/\/www.eltriangle.es\/wp-content\/uploads\/logo-el-triangle-promo-sant-jordi.jpg","width":1250,"height":600,"caption":"Centro Comercial en Barcelona \u00b7 El Triangle"},"image":{"@id":"https:\/\/www.eltriangle.es\/ca\/#\/schema\/logo\/image\/"},"sameAs":["https:\/\/www.facebook.com\/eltriangle","https:\/\/x.com\/eltriangle","https:\/\/www.instagram.com\/eltriangle\/","https:\/\/www.linkedin.com\/company\/el-triangle-centre-comercial\/","https:\/\/www.youtube.com\/channel\/UCDtos-JsOx0wh6v3W9xagRw"]}]}},"_links":{"self":[{"href":"https:\/\/www.eltriangle.es\/ca\/wp-json\/wp\/v2\/pages\/723","targetHints":{"allow":["GET"]}}],"collection":[{"href":"https:\/\/www.eltriangle.es\/ca\/wp-json\/wp\/v2\/pages"}],"about":[{"href":"https:\/\/www.eltriangle.es\/ca\/wp-json\/wp\/v2\/types\/page"}],"author":[{"embeddable":true,"href":"https:\/\/www.eltriangle.es\/ca\/wp-json\/wp\/v2\/users\/1"}],"replies":[{"embeddable":true,"href":"https:\/\/www.eltriangle.es\/ca\/wp-json\/wp\/v2\/comments?post=723"}],"version-history":[{"count":0,"href":"https:\/\/www.eltriangle.es\/ca\/wp-json\/wp\/v2\/pages\/723\/revisions"}],"wp:attachment":[{"href":"https:\/\/www.eltriangle.es\/ca\/wp-json\/wp\/v2\/media?parent=723"}],"curies":[{"name":"wp","href":"https:\/\/api.w.org\/{rel}","templated":true}]}}