{"id":627,"date":"2017-09-19T12:22:44","date_gmt":"2017-09-19T10:22:44","guid":{"rendered":"https:\/\/eltriangle.es\/?page_id=627"},"modified":"2017-11-14T16:39:12","modified_gmt":"2017-11-14T15:39:12","slug":"oficines","status":"publish","type":"page","link":"https:\/\/www.eltriangle.es\/ca\/oficines\/","title":{"rendered":"Oficines"},"content":{"rendered":"<p>[vc_row][vc_column width=&#8221;1\/2&#8243;][vc_column_text]No eliminar, el contenido de este bloque se encuentra en <strong>&#8220;Edificio el triangle&#8221;<\/strong>[\/vc_column_text]<div class=\"uavc-list-icon uavc-list-icon-wrapper ult-adjust-bottom-margin   \"><ul class=\"uavc-list\"><\/ul><\/div>[vc_column_text]No eliminar, el contenido de este bloque se encuentra en <strong>&#8220;Contacto oficinas&#8221;<\/strong>[\/vc_column_text][vc_tta_tabs][vc_tta_section title=&#8221;Pesta\u00f1a 1&#8243; tab_id=&#8221;1508482736956-fec7523b-835a&#8221;]<div id='wrap_map_69f714f5783aa' class='ultimate-map-wrapper ult-adjust-bottom-margin ' style=' height:300px;'><div id='map_69f714f5783aa' data-map_override='0' class='ultimate_google_map wpb_content_element page_margin_top' style='width:100%;height:300px;'><\/div><\/div><script type='text\/javascript'>\r\n\t\t\t(function($) {\r\n  \t\t\t'use strict';\r\n\t\t\tvar map_map_69f714f5783aa = null;\r\n\t\t\tvar coordinate_map_69f714f5783aa;\r\n\t\t\tvar isDraggable = $(document).width() > 641 ? true : true;\r\n\t\t\ttry\r\n\t\t\t{\r\n\t\t\t\tvar map_map_69f714f5783aa = null;\r\n\t\t\t\tvar coordinate_map_69f714f5783aa;\r\n\t\t\t\tcoordinate_map_69f714f5783aa=new google.maps.LatLng(18.591212, 73.741261);\r\n\t\t\t\tvar mapOptions=\r\n\t\t\t\t{\r\n\t\t\t\t\tzoom: 12,\r\n\t\t\t\t\tcenter: coordinate_map_69f714f5783aa,\r\n\t\t\t\t\tscaleControl: true,\r\n\t\t\t\t\tstreetViewControl: false,\r\n\t\t\t\t\tmapTypeControl: false,\r\n\t\t\t\t\tpanControl: false,\r\n\t\t\t\t\tzoomControl: false,\r\n\t\t\t\t\tscrollwheel: true,\r\n\t\t\t\t\tdraggable: isDraggable,\r\n\t\t\t\t\tzoomControlOptions: {\r\n\t\t\t\t\t\tposition: google.maps.ControlPosition.RIGHT_BOTTOM\r\n\t\t\t\t\t},mapTypeId: google.maps.MapTypeId.ROADMAP,};var map_map_69f714f5783aa = new google.maps.Map(document.getElementById('map_69f714f5783aa'),mapOptions);\r\n\t\t\t\t\t\tvar x = 'infowindow_open_value';\r\n\t\t\t\t\t\tvar marker_map_69f714f5783aa = new google.maps.Marker({\r\n\t\t\t\t\t\tposition: new google.maps.LatLng(18.591212, 73.741261),\r\n\t\t\t\t\t\tanimation:  google.maps.Animation.DROP,\r\n\t\t\t\t\t\tmap: map_map_69f714f5783aa,\r\n\t\t\t\t\t\ticon: ''\r\n\t\t\t\t\t});\tgoogle.maps.event.addListener(marker_map_69f714f5783aa, 'click', toggleBounce);}\r\n\t\t\tcatch(e){};\r\n\t\t\tjQuery(document).ready(function($){\r\n\t\t\t\tgoogle.maps.event.trigger(map_map_69f714f5783aa, 'resize');\r\n\t\t\t\t$(window).resize(function(){\r\n\t\t\t\t\tgoogle.maps.event.trigger(map_map_69f714f5783aa, 'resize');\r\n\t\t\t\t\tif(map_map_69f714f5783aa!=null)\r\n\t\t\t\t\t\tmap_map_69f714f5783aa.setCenter(coordinate_map_69f714f5783aa);\r\n\t\t\t\t});\r\n\t\t\t\t$('.ui-tabs').bind('tabsactivate', function(event, ui) {\r\n\t\t\t\t   if($(this).find('.ultimate-map-wrapper').length > 0)\r\n\t\t\t\t\t{\r\n\t\t\t\t\t\tsetTimeout(function(){\r\n\t\t\t\t\t\t\t$(window).trigger('resize');\r\n\t\t\t\t\t\t},200);\r\n\t\t\t\t\t}\r\n\t\t\t\t});\r\n\t\t\t\t$('.ui-accordion').bind('accordionactivate', function(event, ui) {\r\n\t\t\t\t   if($(this).find('.ultimate-map-wrapper').length > 0)\r\n\t\t\t\t\t{\r\n\t\t\t\t\t\tsetTimeout(function(){\r\n\t\t\t\t\t\t\t$(window).trigger('resize');\r\n\t\t\t\t\t\t},200);\r\n\t\t\t\t\t}\r\n\t\t\t\t});\r\n\t\t\t\t$(window).on('load',function(){\r\n\t\t\t\t\tsetTimeout(function(){\r\n\t\t\t\t\t\t$(window).trigger('resize');\r\n\t\t\t\t\t},200);\r\n\t\t\t\t});\r\n\t\t\t\t$('.ult_exp_section').select(function(){\r\n\t\t\t\t\tif($(map_map_69f714f5783aa).parents('.ult_exp_section'))\r\n\t\t\t\t\t{\r\n\t\t\t\t\t\tsetTimeout(function(){\r\n\t\t\t\t\t\t\t$(window).trigger('resize');\r\n\t\t\t\t\t\t},200);\r\n\t\t\t\t\t}\r\n\t\t\t\t});\r\n\t\t\t\t$(document).on('onUVCModalPopupOpen', function(){\r\n\t\t\t\t\tif($(map_map_69f714f5783aa).parents('.ult_modal-content'))\r\n\t\t\t\t\t{\r\n\t\t\t\t\t\tsetTimeout(function(){\r\n\t\t\t\t\t\t\t$(window).trigger('resize');\r\n\t\t\t\t\t\t},200);\r\n\t\t\t\t\t}\r\n\t\t\t\t});\r\n\t\t\t\t$(document).on('click','.ult_tab_li',function(){\r\n\t\t\t\t\t$(window).trigger('resize');\r\n\t\t\t\t\tsetTimeout(function(){\r\n\t\t\t\t\t\t$(window).trigger('resize');\r\n\t\t\t\t\t},200);\r\n\t\t\t\t});\r\n\t\t\t});\r\n\t\t\tfunction toggleBounce() {\r\n\t\t\t  if (marker_map_69f714f5783aa.getAnimation() != null) {\r\n\t\t\t\tmarker_map_69f714f5783aa.setAnimation(null);\r\n\t\t\t  } else {\r\n\t\t\t\tmarker_map_69f714f5783aa.setAnimation(google.maps.Animation.BOUNCE);\r\n\t\t\t  }\r\n\t\t\t}\r\n\t\t\t})(jQuery);\r\n\t\t\t<\/script>[\/vc_tta_section][vc_tta_section title=&#8221;Pesta\u00f1a 2&#8243; tab_id=&#8221;1508482737011-d31db949-2282&#8243;][\/vc_tta_section][\/vc_tta_tabs][\/vc_column][vc_column width=&#8221;1\/2&#8243;][vc_column_text]No eliminar, el contenido de este bloque se encuentra en <strong>&#8220;Datos t\u00e9cnicos&#8221;<\/strong>[\/vc_column_text]<div id=\"ult-carousel-147087091669f714f5784f4\" class=\"ult-carousel-wrapper   ult_horizontal\" data-gutter=\"15\" data-rtl=\"false\" ><div class=\"ult-carousel-309448200269f714f578413 \" ><\/div><\/div>\t\t\t<script type=\"text\/javascript\">\r\n\t\t\t\tjQuery(document).ready(function ($) {\r\n\t\t\t\t\tif( typeof jQuery('.ult-carousel-309448200269f714f578413').slick == \"function\"){\r\n\t\t\t\t\t\t$('.ult-carousel-309448200269f714f578413').slick({dots: true,autoplay: true,autoplaySpeed: 5000,speed: 300,infinite: true,arrows: true,nextArrow: '<button type=\"button\" role=\"button\" aria-label=\"Next\" style=\"color:#333333; font-size:20px;\" class=\"slick-next default\"><i class=\"ultsl-arrow-right4\"><\/i><\/button>',prevArrow: '<button type=\"button\" role=\"button\" aria-label=\"Previous\" style=\"color:#333333; font-size:20px;\" class=\"slick-prev default\"><i class=\"ultsl-arrow-left4\"><\/i><\/button>',slidesToScroll:5,slidesToShow:5,swipe: true,draggable: true,touchMove: true,pauseOnHover: true,pauseOnFocus: false,responsive: [\r\n\t\t\t\t\t\t\t{\r\n\t\t\t\t\t\t\t  breakpoint: 1026,\r\n\t\t\t\t\t\t\t  settings: {\r\n\t\t\t\t\t\t\t\tslidesToShow: 5,\r\n\t\t\t\t\t\t\t\tslidesToScroll: 5,  \r\n\t\t\t\t\t\t\t  }\r\n\t\t\t\t\t\t\t},\r\n\t\t\t\t\t\t\t{\r\n\t\t\t\t\t\t\t  breakpoint: 1025,\r\n\t\t\t\t\t\t\t  settings: {\r\n\t\t\t\t\t\t\t\tslidesToShow: 3,\r\n\t\t\t\t\t\t\t\tslidesToScroll: 3\r\n\t\t\t\t\t\t\t  }\r\n\t\t\t\t\t\t\t},\r\n\t\t\t\t\t\t\t{\r\n\t\t\t\t\t\t\t  breakpoint: 760,\r\n\t\t\t\t\t\t\t  settings: {\r\n\t\t\t\t\t\t\t\tslidesToShow: 2,\r\n\t\t\t\t\t\t\t\tslidesToScroll: 2\r\n\t\t\t\t\t\t\t  }\r\n\t\t\t\t\t\t\t}\r\n\t\t\t\t\t\t],pauseOnDotsHover: true,customPaging: function(slider, i) {\r\n                   return '<i type=\"button\" style= \"color:#333333;\" class=\"ultsl-record\" data-role=\"none\"><\/i>';\r\n                },});\r\n\t\t\t\t\t}\r\n\t\t\t\t});\r\n\t\t\t<\/script>\r\n\t\t\t[\/vc_column][\/vc_row]<\/p>\n","protected":false},"excerpt":{"rendered":"<p>[vc_row][vc_column width=&#8221;1\/2&#8243;][vc_column_text]No eliminar, el contenido de este bloque se encuentra en &#8220;Edificio el triangle&#8221;[\/vc_column_text][vc_column_text]No eliminar, el contenido de este bloque se encuentra en &#8220;Contacto oficinas&#8221;[\/vc_column_text][vc_tta_tabs][vc_tta_section title=&#8221;Pesta\u00f1a 1&#8243; tab_id=&#8221;1508482736956-fec7523b-835a&#8221;][\/vc_tta_section][vc_tta_section title=&#8221;Pesta\u00f1a 2&#8243; tab_id=&#8221;1508482737011-d31db949-2282&#8243;][\/vc_tta_section][\/vc_tta_tabs][\/vc_column][vc_column width=&#8221;1\/2&#8243;][vc_column_text]No eliminar, el contenido de este bloque se encuentra en &#8220;Datos t\u00e9cnicos&#8221;[\/vc_column_text][\/vc_column][\/vc_row]<\/p>\n","protected":false},"author":1,"featured_media":1279,"parent":0,"menu_order":0,"comment_status":"closed","ping_status":"closed","template":"page-templates\/oficinas.php","meta":{"inline_featured_image":false,"footnotes":"","_expiration-date-status":"","_expiration-date":0,"_expiration-date-type":"","_expiration-date-categories":[],"_expiration-date-options":[]},"class_list":["post-627","page","type-page","status-publish","has-post-thumbnail","hentry"],"yoast_head":"<!-- This site is optimized with the Yoast SEO plugin v26.6 - https:\/\/yoast.com\/wordpress\/plugins\/seo\/ -->\n<title>Oficines a Pla\u00e7a Catalunya Barcelona | Centre Comercial El Triangle<\/title>\n<meta name=\"description\" content=\"T&#039;imagines la teva oficina a Pla\u00e7a Catalunya? Descobreix-les entrant aqu\u00ed. Centre Comercial El Triangle de Barcelona.\" \/>\n<meta name=\"robots\" content=\"index, follow, max-snippet:-1, max-image-preview:large, max-video-preview:-1\" \/>\n<link rel=\"canonical\" href=\"https:\/\/www.eltriangle.es\/ca\/oficines\/\" \/>\n<meta property=\"og:locale\" content=\"ca_ES\" \/>\n<meta property=\"og:type\" content=\"article\" \/>\n<meta property=\"og:title\" content=\"Oficines a Pla\u00e7a Catalunya Barcelona | Centre Comercial El Triangle\" \/>\n<meta property=\"og:description\" content=\"T&#039;imagines la teva oficina a Pla\u00e7a Catalunya? Descobreix-les entrant aqu\u00ed. Centre Comercial El Triangle de Barcelona.\" \/>\n<meta property=\"og:url\" content=\"https:\/\/www.eltriangle.es\/ca\/oficines\/\" \/>\n<meta property=\"og:site_name\" content=\"Centro Comercial El Triangle\" \/>\n<meta property=\"article:publisher\" content=\"https:\/\/www.facebook.com\/eltriangle\" \/>\n<meta property=\"article:modified_time\" content=\"2017-11-14T15:39:12+00:00\" \/>\n<meta property=\"og:image\" content=\"https:\/\/www.eltriangle.es\/wp-content\/uploads\/back-oficinas.jpg\" \/>\n\t<meta property=\"og:image:width\" content=\"1250\" \/>\n\t<meta property=\"og:image:height\" content=\"405\" \/>\n\t<meta property=\"og:image:type\" content=\"image\/jpeg\" \/>\n<meta name=\"twitter:card\" content=\"summary_large_image\" \/>\n<meta name=\"twitter:site\" content=\"@eltriangle\" \/>\n<meta name=\"twitter:label1\" content=\"Temps estimat de lectura\" \/>\n\t<meta name=\"twitter:data1\" content=\"1 minut\" \/>\n<script type=\"application\/ld+json\" class=\"yoast-schema-graph\">{\"@context\":\"https:\/\/schema.org\",\"@graph\":[{\"@type\":\"WebPage\",\"@id\":\"https:\/\/www.eltriangle.es\/ca\/oficines\/\",\"url\":\"https:\/\/www.eltriangle.es\/ca\/oficines\/\",\"name\":\"Oficines a Pla\u00e7a Catalunya Barcelona | Centre Comercial El Triangle\",\"isPartOf\":{\"@id\":\"https:\/\/www.eltriangle.es\/ca\/#website\"},\"primaryImageOfPage\":{\"@id\":\"https:\/\/www.eltriangle.es\/ca\/oficines\/#primaryimage\"},\"image\":{\"@id\":\"https:\/\/www.eltriangle.es\/ca\/oficines\/#primaryimage\"},\"thumbnailUrl\":\"https:\/\/www.eltriangle.es\/wp-content\/uploads\/back-oficinas.jpg\",\"datePublished\":\"2017-09-19T10:22:44+00:00\",\"dateModified\":\"2017-11-14T15:39:12+00:00\",\"description\":\"T'imagines la teva oficina a Pla\u00e7a Catalunya? Descobreix-les entrant aqu\u00ed. Centre Comercial El Triangle de Barcelona.\",\"breadcrumb\":{\"@id\":\"https:\/\/www.eltriangle.es\/ca\/oficines\/#breadcrumb\"},\"inLanguage\":\"ca\",\"potentialAction\":[{\"@type\":\"ReadAction\",\"target\":[\"https:\/\/www.eltriangle.es\/ca\/oficines\/\"]}]},{\"@type\":\"ImageObject\",\"inLanguage\":\"ca\",\"@id\":\"https:\/\/www.eltriangle.es\/ca\/oficines\/#primaryimage\",\"url\":\"https:\/\/www.eltriangle.es\/wp-content\/uploads\/back-oficinas.jpg\",\"contentUrl\":\"https:\/\/www.eltriangle.es\/wp-content\/uploads\/back-oficinas.jpg\",\"width\":1250,\"height\":405},{\"@type\":\"BreadcrumbList\",\"@id\":\"https:\/\/www.eltriangle.es\/ca\/oficines\/#breadcrumb\",\"itemListElement\":[{\"@type\":\"ListItem\",\"position\":1,\"name\":\"Portada\",\"item\":\"https:\/\/www.eltriangle.es\/ca\/\"},{\"@type\":\"ListItem\",\"position\":2,\"name\":\"Oficines\"}]},{\"@type\":\"WebSite\",\"@id\":\"https:\/\/www.eltriangle.es\/ca\/#website\",\"url\":\"https:\/\/www.eltriangle.es\/ca\/\",\"name\":\"Centro Comercial El Triangle\",\"description\":\"\",\"publisher\":{\"@id\":\"https:\/\/www.eltriangle.es\/ca\/#organization\"},\"potentialAction\":[{\"@type\":\"SearchAction\",\"target\":{\"@type\":\"EntryPoint\",\"urlTemplate\":\"https:\/\/www.eltriangle.es\/ca\/?s={search_term_string}\"},\"query-input\":{\"@type\":\"PropertyValueSpecification\",\"valueRequired\":true,\"valueName\":\"search_term_string\"}}],\"inLanguage\":\"ca\"},{\"@type\":\"Organization\",\"@id\":\"https:\/\/www.eltriangle.es\/ca\/#organization\",\"name\":\"Centro Comercial en Barcelona \u00b7 El Triangle\",\"url\":\"https:\/\/www.eltriangle.es\/ca\/\",\"logo\":{\"@type\":\"ImageObject\",\"inLanguage\":\"ca\",\"@id\":\"https:\/\/www.eltriangle.es\/ca\/#\/schema\/logo\/image\/\",\"url\":\"https:\/\/www.eltriangle.es\/wp-content\/uploads\/logo-el-triangle-promo-sant-jordi.jpg\",\"contentUrl\":\"https:\/\/www.eltriangle.es\/wp-content\/uploads\/logo-el-triangle-promo-sant-jordi.jpg\",\"width\":1250,\"height\":600,\"caption\":\"Centro Comercial en Barcelona \u00b7 El Triangle\"},\"image\":{\"@id\":\"https:\/\/www.eltriangle.es\/ca\/#\/schema\/logo\/image\/\"},\"sameAs\":[\"https:\/\/www.facebook.com\/eltriangle\",\"https:\/\/x.com\/eltriangle\",\"https:\/\/www.instagram.com\/eltriangle\/\",\"https:\/\/www.linkedin.com\/company\/el-triangle-centre-comercial\/\",\"https:\/\/www.youtube.com\/channel\/UCDtos-JsOx0wh6v3W9xagRw\"]}]}<\/script>\n<!-- \/ Yoast SEO plugin. -->","yoast_head_json":{"title":"Oficines a Pla\u00e7a Catalunya Barcelona | Centre Comercial El Triangle","description":"T'imagines la teva oficina a Pla\u00e7a Catalunya? Descobreix-les entrant aqu\u00ed. Centre Comercial El Triangle de Barcelona.","robots":{"index":"index","follow":"follow","max-snippet":"max-snippet:-1","max-image-preview":"max-image-preview:large","max-video-preview":"max-video-preview:-1"},"canonical":"https:\/\/www.eltriangle.es\/ca\/oficines\/","og_locale":"ca_ES","og_type":"article","og_title":"Oficines a Pla\u00e7a Catalunya Barcelona | Centre Comercial El Triangle","og_description":"T'imagines la teva oficina a Pla\u00e7a Catalunya? Descobreix-les entrant aqu\u00ed. Centre Comercial El Triangle de Barcelona.","og_url":"https:\/\/www.eltriangle.es\/ca\/oficines\/","og_site_name":"Centro Comercial El Triangle","article_publisher":"https:\/\/www.facebook.com\/eltriangle","article_modified_time":"2017-11-14T15:39:12+00:00","og_image":[{"width":1250,"height":405,"url":"https:\/\/www.eltriangle.es\/wp-content\/uploads\/back-oficinas.jpg","type":"image\/jpeg"}],"twitter_card":"summary_large_image","twitter_site":"@eltriangle","twitter_misc":{"Temps estimat de lectura":"1 minut"},"schema":{"@context":"https:\/\/schema.org","@graph":[{"@type":"WebPage","@id":"https:\/\/www.eltriangle.es\/ca\/oficines\/","url":"https:\/\/www.eltriangle.es\/ca\/oficines\/","name":"Oficines a Pla\u00e7a Catalunya Barcelona | Centre Comercial El Triangle","isPartOf":{"@id":"https:\/\/www.eltriangle.es\/ca\/#website"},"primaryImageOfPage":{"@id":"https:\/\/www.eltriangle.es\/ca\/oficines\/#primaryimage"},"image":{"@id":"https:\/\/www.eltriangle.es\/ca\/oficines\/#primaryimage"},"thumbnailUrl":"https:\/\/www.eltriangle.es\/wp-content\/uploads\/back-oficinas.jpg","datePublished":"2017-09-19T10:22:44+00:00","dateModified":"2017-11-14T15:39:12+00:00","description":"T'imagines la teva oficina a Pla\u00e7a Catalunya? Descobreix-les entrant aqu\u00ed. Centre Comercial El Triangle de Barcelona.","breadcrumb":{"@id":"https:\/\/www.eltriangle.es\/ca\/oficines\/#breadcrumb"},"inLanguage":"ca","potentialAction":[{"@type":"ReadAction","target":["https:\/\/www.eltriangle.es\/ca\/oficines\/"]}]},{"@type":"ImageObject","inLanguage":"ca","@id":"https:\/\/www.eltriangle.es\/ca\/oficines\/#primaryimage","url":"https:\/\/www.eltriangle.es\/wp-content\/uploads\/back-oficinas.jpg","contentUrl":"https:\/\/www.eltriangle.es\/wp-content\/uploads\/back-oficinas.jpg","width":1250,"height":405},{"@type":"BreadcrumbList","@id":"https:\/\/www.eltriangle.es\/ca\/oficines\/#breadcrumb","itemListElement":[{"@type":"ListItem","position":1,"name":"Portada","item":"https:\/\/www.eltriangle.es\/ca\/"},{"@type":"ListItem","position":2,"name":"Oficines"}]},{"@type":"WebSite","@id":"https:\/\/www.eltriangle.es\/ca\/#website","url":"https:\/\/www.eltriangle.es\/ca\/","name":"Centro Comercial El Triangle","description":"","publisher":{"@id":"https:\/\/www.eltriangle.es\/ca\/#organization"},"potentialAction":[{"@type":"SearchAction","target":{"@type":"EntryPoint","urlTemplate":"https:\/\/www.eltriangle.es\/ca\/?s={search_term_string}"},"query-input":{"@type":"PropertyValueSpecification","valueRequired":true,"valueName":"search_term_string"}}],"inLanguage":"ca"},{"@type":"Organization","@id":"https:\/\/www.eltriangle.es\/ca\/#organization","name":"Centro Comercial en Barcelona \u00b7 El Triangle","url":"https:\/\/www.eltriangle.es\/ca\/","logo":{"@type":"ImageObject","inLanguage":"ca","@id":"https:\/\/www.eltriangle.es\/ca\/#\/schema\/logo\/image\/","url":"https:\/\/www.eltriangle.es\/wp-content\/uploads\/logo-el-triangle-promo-sant-jordi.jpg","contentUrl":"https:\/\/www.eltriangle.es\/wp-content\/uploads\/logo-el-triangle-promo-sant-jordi.jpg","width":1250,"height":600,"caption":"Centro Comercial en Barcelona \u00b7 El Triangle"},"image":{"@id":"https:\/\/www.eltriangle.es\/ca\/#\/schema\/logo\/image\/"},"sameAs":["https:\/\/www.facebook.com\/eltriangle","https:\/\/x.com\/eltriangle","https:\/\/www.instagram.com\/eltriangle\/","https:\/\/www.linkedin.com\/company\/el-triangle-centre-comercial\/","https:\/\/www.youtube.com\/channel\/UCDtos-JsOx0wh6v3W9xagRw"]}]}},"_links":{"self":[{"href":"https:\/\/www.eltriangle.es\/ca\/wp-json\/wp\/v2\/pages\/627","targetHints":{"allow":["GET"]}}],"collection":[{"href":"https:\/\/www.eltriangle.es\/ca\/wp-json\/wp\/v2\/pages"}],"about":[{"href":"https:\/\/www.eltriangle.es\/ca\/wp-json\/wp\/v2\/types\/page"}],"author":[{"embeddable":true,"href":"https:\/\/www.eltriangle.es\/ca\/wp-json\/wp\/v2\/users\/1"}],"replies":[{"embeddable":true,"href":"https:\/\/www.eltriangle.es\/ca\/wp-json\/wp\/v2\/comments?post=627"}],"version-history":[{"count":0,"href":"https:\/\/www.eltriangle.es\/ca\/wp-json\/wp\/v2\/pages\/627\/revisions"}],"wp:featuredmedia":[{"embeddable":true,"href":"https:\/\/www.eltriangle.es\/ca\/wp-json\/wp\/v2\/media\/1279"}],"wp:attachment":[{"href":"https:\/\/www.eltriangle.es\/ca\/wp-json\/wp\/v2\/media?parent=627"}],"curies":[{"name":"wp","href":"https:\/\/api.w.org\/{rel}","templated":true}]}}