{"id":2840,"date":"2018-07-12T10:08:07","date_gmt":"2018-07-12T08:08:07","guid":{"rendered":"https:\/\/eltriangle.es\/?page_id=2840"},"modified":"2021-10-13T20:28:55","modified_gmt":"2021-10-13T18:28:55","slug":"politica-de-privacitat-i-cookies","status":"publish","type":"page","link":"https:\/\/www.eltriangle.es\/ca\/politica-de-privacitat-i-cookies\/","title":{"rendered":"Pol\u00edtica de Privacitat i Cookies"},"content":{"rendered":"<h2>1. Responsable del tractament<\/h2>\n<p><strong>Responsable del Tractament:<\/strong> Comunitat de Propietaris Pla\u00e7a de Catalunya 1-4 i C \/ Pelai 13-39 (Centre Comercial El Triangle)<br \/>\n<strong>Adre\u00e7a Postal:<\/strong> Pla\u00e7a de Catalunya n\u00ba1. C.P. 08002 Barcelona<br \/>\n<strong>Tel\u00e8fon: <\/strong>933 18 01 08<br \/>\n<strong>Email: <a href=\"mailto:informacion@eltriangle.es\">informacion@eltriangle.es<\/a><\/strong><\/p>\n<h2>2. Tractaments<\/h2>\n<p>Comunitat de Propietaris Pla\u00e7a de Catalunya 1-4 i C \/ Pelai 13-39 (Centre Comercial El Triangle) \u00fanicament tracta les dades de car\u00e0cter personal que a continuaci\u00f3 s&#8217;indiquen:<\/p>\n<h4>A. Dades Recollides a trav\u00e9s de la p\u00e0gina web<\/h4>\n<p><strong>Finalitat: <\/strong>Contestar les sol\u00b7licituds d&#8217;informaci\u00f3 i contacte remeses a trav\u00e9s dels correus electr\u00f2nics i formularis de contacte de la p\u00e0gina web.<\/p>\n<p><strong>Conservaci\u00f3: <\/strong>Les dades personals de l&#8217;interessat es conservaran fins que no se sol\u00b7liciti la supressi\u00f3 per l&#8217;interessat i en tot cas per un per\u00edode m\u00e0xim de cinc anys.<br \/>\n<strong>Legitimaci\u00f3: <\/strong>Consentiment de l&#8217;interessat.<\/p>\n<p><strong>Destinataris: <\/strong>No est\u00e0 prevista la comunicaci\u00f3 de dades personals llevat dels sup\u00f2sits establerts per una obligaci\u00f3 legal.<\/p>\n<p><strong>Formes d&#8217;Obtenci\u00f3: <\/strong>Les dades personals que tractem han estat obtingudes del propi interessat.<\/p>\n<p>Les categories de dades que es tracten s\u00f3n les seg\u00fcents:<\/p>\n<ul>\n<li>Dades identificatives<\/li>\n<li>Dades de contacte<\/li>\n<\/ul>\n<p>No es tracten dades especialment protegides<\/p>\n<h4>B. Prestaci\u00f3 de Serveis<\/h4>\n<p><strong>Finalitat: <\/strong>Prestaci\u00f3 de serveis a usuaris del centre comercial (Ex. Pr\u00e9stec de carrets, cadires, trones &#8230; .etc).<\/p>\n<p><strong>Conservaci\u00f3: <\/strong>Les dades es conservaran durant 1 any.<\/p>\n<p><strong>Legitimaci\u00f3: <\/strong>Execuci\u00f3 del contracte de prestaci\u00f3 dels serveis sol\u00b7licitats per l&#8217;interessat.<\/p>\n<p><strong>Destinataris: <\/strong>No est\u00e0 prevista la comunicaci\u00f3 de dades personals llevat dels sup\u00f2sits establerts per una obligaci\u00f3 legal.<\/p>\n<p><strong>Formes d&#8217;Obtenci\u00f3: <\/strong>Les dades personals que tractem han estat obtinguts del propi interessat.<\/p>\n<p>Les categories de dades que es tracten s\u00f3n les seg\u00fcents:<\/p>\n<ul>\n<li>Dades identificatives<\/li>\n<li>Dades de contacte<\/li>\n<\/ul>\n<p>No es tracten dades especialment protegides<\/p>\n<h4>C. Suggeriments i Reclamacions<\/h4>\n<p><strong>Finalitat: <\/strong>Les dades facilitades a trav\u00e9s dels formularis de suggeriments o reclamacions seran tractades per a la gesti\u00f3 del suggeriment o reclamaci\u00f3 realitzada per l&#8217;interessat.<\/p>\n<p><strong>Conservaci\u00f3: <\/strong>Les dades es conservaran durant 1 any. (Art. 1968 del Codi Civil) llevat que aquestes dades siguin necess\u00e0ries per fer front a una reclamaci\u00f3 o exercici de drets en aquest cas es mantindran fins a la finalitzaci\u00f3 de la mateixa.<\/p>\n<p><strong>Legitimaci\u00f3: <\/strong>La legitimaci\u00f3 del tractament es basa en la satisfacci\u00f3 d&#8217;inter\u00e8s leg\u00edtim pel Responsable del Tractament, consistent en la resposta i millora de la satisfacci\u00f3 dels usuaris del centre que efectuen les seves queixes.<\/p>\n<p>Pel que fa a les reclamacions que impliquin algun tipus de dany personal o patrimonial, la legitimaci\u00f3 per al tractament es basa en el compliment d&#8217;una obligaci\u00f3 legal (art. 1902 del Codi Civil) i Llei 50\/1980 del Contracte d&#8217;Asseguran\u00e7a.<\/p>\n<p><strong>Destinataris: <\/strong>Les dades obtingudes de queixes i suggeriments no seran comunicades a tercers excepte en els sup\u00f2sits expressament previstos per la legislaci\u00f3 vigent.<\/p>\n<p>Les dades obtingudes de reclamacions s&#8217;han de comunicar a les companyies i corredories d&#8217;assegurances necess\u00e0ries per a la tramitaci\u00f3 de la reclamaci\u00f3, aix\u00ed com en la resta de sup\u00f2sits establerts per una obligaci\u00f3 legal.<\/p>\n<p><strong>Formes d&#8217;Obtenci\u00f3: <\/strong>Les dades personals que tractem han estat obtinguts del propi interessat.<\/p>\n<p>Les categories de dades que es tracten s\u00f3n les seg\u00fcents:<\/p>\n<ul>\n<li>Dades identificatives<\/li>\n<li>Dades de contacte<\/li>\n<li>Dades relatives a la queixa o reclamaci\u00f3<\/li>\n<li>Danys personals soferts (nom\u00e9s en reclamacions amb danys personals)<\/li>\n<\/ul>\n<p>En el sup\u00f2sit de reclamacions que incloguin danys personals poden tractar dades relatives a la salut de les persones Ex. Parts de lesions.<\/p>\n<h4>D. Videovigil\u00e0ncia<\/h4>\n<p><strong>Finalitat: <\/strong>les dades personals recollides pel nostre sistema de videovigil\u00e0ncia seran tractades amb la finalitat de preservar la seguretat de les instal\u00b7lacions, b\u00e9ns i persones del Centre Comercial.<\/p>\n<p><strong>Conservaci\u00f3: <\/strong>Les dades personals de l&#8217;interessat es conservaran durant un per\u00edode m\u00e0xim de 30 dies, llevat que aquestes dades siguin necess\u00e0ries per fer front a una reclamaci\u00f3 o exercici de drets en aquest cas es mantindran fins a la finalitzaci\u00f3 de la mateixa.<br \/>\n<strong>Legitimaci\u00f3: <\/strong>La legitimaci\u00f3 del tractament es basa en l&#8217;inter\u00e8s leg\u00edtim del responsable del tractament (protecci\u00f3 d&#8217;instal\u00b7lacions, b\u00e9ns i persones del Centre Comercial.<\/p>\n<p><strong>Destinataris: <\/strong>En el sup\u00f2sit de comissi\u00f3 de fets delictius les imatges obtingudes seran comunicades a les forces i cossos de seguretat de l&#8217;estat. Fora d&#8217;aquests sup\u00f2sits no es cediran dades a tercers excepte obligaci\u00f3 legal.<\/p>\n<p><strong>Formes d&#8217;Obtenci\u00f3:<\/strong><\/p>\n<p>Les dades personals tractades van ser obtingudes del propi interessat a trav\u00e9s del sistema de videovigil\u00e0ncia.<\/p>\n<p>Les categories de dades que es tracten s\u00f3n les seg\u00fcents:<\/p>\n<ul>\n<li>Imatges<\/li>\n<\/ul>\n<p>No es tracten dades especialment protegides<\/p>\n<h4>E. Targeta Identificativa d&#8217;Empleats<\/h4>\n<p><strong>Finalitat: <\/strong>Gesti\u00f3 del centre comercial i control d&#8217;accessos.<\/p>\n<p><strong>Conservaci\u00f3: <\/strong>Les dades seran conservades durant un per\u00edode m\u00e0xim d&#8217;un any, llevat que aquestes dades siguin necess\u00e0ries per fer front a una reclamaci\u00f3 o exercici de drets en aquest cas es mantindran fins a la finalitzaci\u00f3 de la mateixa.<\/p>\n<p><strong>Legitimaci\u00f3: <\/strong>Inter\u00e8s Leg\u00edtim.<\/p>\n<p><strong>Destinataris: <\/strong>No est\u00e0 prevista la comunicaci\u00f3 de les dades a tercers excepte en el sup\u00f2sit de compliment d&#8217;una obligaci\u00f3 legal.<\/p>\n<h2>3. Drets de l&#8217;interessat<\/h2>\n<ul>\n<li>T\u00e9 dret a obtenir confirmaci\u00f3 sobre si estem tractant dades personals que li concerneixin<\/li>\n<li>Les persones interessades tenen dret a accedir a les seves dades personals, aix\u00ed com a sol\u00b7licitar la rectificaci\u00f3 de les dades inexactes o, si s&#8217;escau, sol\u00b7licitar la seva supressi\u00f3 quan entre altres motius, les dades ja no siguin necessaris per als fins que van ser recollides.<\/li>\n<li>En determinades circumst\u00e0ncies, els interessats podran sol\u00b7licitar la limitaci\u00f3 del tractament de les seves dades, en aquest cas \u00fanicament els conservarem per a l&#8217;exercici o defensa de reclamacions.<\/li>\n<li>En determinades circumst\u00e0ncies i per motius relacionats amb la seva situaci\u00f3 particular, els interessats podran oposar-se al tractament de les seves dades. En aquests sup\u00f2sits no es tractaran les seves dades excepte per motius leg\u00edtims o l&#8217;exercici o defensa de possibles reclamacions.<\/li>\n<li>En determinades circumst\u00e0ncies, tindr\u00e0 dret a rebre les dades personals que li incumbeixin en un format estructurat d&#8217;\u00fas com\u00fa i lectura mec\u00e0nica.<\/li>\n<\/ul>\n<p>Pot exercir els seus drets a trav\u00e9s dels mitjans de contacte indicats en aquesta pol\u00edtica (Direcci\u00f3 de correu electr\u00f2nic o personalment a les nostres instal\u00b7lacions), aix\u00ed com obtenir m\u00e9s informaci\u00f3 sobre els seus drets i accedir a models per al seu exercici en la seg\u00fcent adre\u00e7a web:<\/p>\n<p><a href=\"http:\/\/www.agpd.es\/portalwebAGPD\/CanalDelCiudadano\/derechos\/index-ides-idphp.php\">http:\/\/www.agpd.es\/portalwebAGPD\/CanalDelCiudadano\/derechos\/index-ides-idphp.php<\/a><\/p>\n<p>Aix\u00ed mateix, l&#8217;informem del seu dret a presentar una reclamaci\u00f3 davant l&#8217;Ag\u00e8ncia Espanyola de Protecci\u00f3 de Dades si la petici\u00f3 d&#8217;exercici d&#8217;algun dret no ha estat satisfeta correctament o si per qualsevol altre motiu considera que les seves dades personals no estan sent tractades correctament. Per a aix\u00f2, podr\u00e0 dirigir-se a la seg\u00fcent adre\u00e7a web:<\/p>\n<p><a href=\"https:\/\/sedeagpd.gob.es\/sede-electronica-web\/\">https:\/\/sedeagpd.gob.es\/sede-electronica-web\/<\/a><\/p>\n<h2>4. Cookies<\/h2>\n<script\n\t\ttype=\"text\/javascript\"\n\t\tid=\"CookieDeclaration\"\n\t\tsrc=\"https:\/\/consent.cookiebot.com\/550660d8-dac8-4aac-8276-c28b4d9d7a1f\/cd.js\"\n\t\tasync><\/script>\n\n<h2>5. Versi\u00f3<\/h2>\n<p>Aquesta pol\u00edtica de privacitat \u00e9s de data 13.05.2018 i qualsevol modificaci\u00f3 dels seus termes es publicar\u00e0 en aquesta p\u00e0gina web.<\/p>\n","protected":false},"excerpt":{"rendered":"<p>1. Responsable del tractament Responsable del Tractament: Comunitat de Propietaris Pla\u00e7a de Catalunya 1-4 i C \/ Pelai 13-39 (Centre Comercial El Triangle) Adre\u00e7a Postal: Pla\u00e7a de Catalunya n\u00ba1. C.P. 08002 Barcelona Tel\u00e8fon: 933 18 01 08 Email: informacion@eltriangle.es 2. Tractaments Comunitat de Propietaris Pla\u00e7a de Catalunya 1-4 i C \/ Pelai 13-39 (Centre Comercial [&hellip;]<\/p>\n","protected":false},"author":1,"featured_media":0,"parent":0,"menu_order":0,"comment_status":"closed","ping_status":"closed","template":"","meta":{"inline_featured_image":false,"footnotes":"","_expiration-date-status":"","_expiration-date":0,"_expiration-date-type":"","_expiration-date-categories":[],"_expiration-date-options":[]},"class_list":["post-2840","page","type-page","status-publish","hentry"],"yoast_head":"<!-- This site is optimized with the Yoast SEO plugin v26.6 - https:\/\/yoast.com\/wordpress\/plugins\/seo\/ -->\n<title>Pol\u00edtica de Privacitat i Cookies - Centro Comercial El Triangle<\/title>\n<meta name=\"robots\" content=\"noindex, follow\" \/>\n<meta property=\"og:locale\" content=\"ca_ES\" \/>\n<meta property=\"og:type\" content=\"article\" \/>\n<meta property=\"og:title\" content=\"Pol\u00edtica de Privacitat i Cookies - Centro Comercial El Triangle\" \/>\n<meta property=\"og:description\" content=\"1. Responsable del tractament Responsable del Tractament: Comunitat de Propietaris Pla\u00e7a de Catalunya 1-4 i C \/ Pelai 13-39 (Centre Comercial El Triangle) Adre\u00e7a Postal: Pla\u00e7a de Catalunya n\u00ba1. C.P. 08002 Barcelona Tel\u00e8fon: 933 18 01 08 Email: informacion@eltriangle.es 2. Tractaments Comunitat de Propietaris Pla\u00e7a de Catalunya 1-4 i C \/ Pelai 13-39 (Centre Comercial [&hellip;]\" \/>\n<meta property=\"og:url\" content=\"https:\/\/www.eltriangle.es\/ca\/politica-de-privacitat-i-cookies\/\" \/>\n<meta property=\"og:site_name\" content=\"Centro Comercial El Triangle\" \/>\n<meta property=\"article:publisher\" content=\"https:\/\/www.facebook.com\/eltriangle\" \/>\n<meta property=\"article:modified_time\" content=\"2021-10-13T18:28:55+00:00\" \/>\n<meta name=\"twitter:card\" content=\"summary_large_image\" \/>\n<meta name=\"twitter:site\" content=\"@eltriangle\" \/>\n<meta name=\"twitter:label1\" content=\"Temps estimat de lectura\" \/>\n\t<meta name=\"twitter:data1\" content=\"5 minuts\" \/>\n<script type=\"application\/ld+json\" class=\"yoast-schema-graph\">{\"@context\":\"https:\/\/schema.org\",\"@graph\":[{\"@type\":\"WebPage\",\"@id\":\"https:\/\/www.eltriangle.es\/ca\/politica-de-privacitat-i-cookies\/\",\"url\":\"https:\/\/www.eltriangle.es\/ca\/politica-de-privacitat-i-cookies\/\",\"name\":\"Pol\u00edtica de Privacitat i Cookies - Centro Comercial El Triangle\",\"isPartOf\":{\"@id\":\"https:\/\/www.eltriangle.es\/ca\/#website\"},\"datePublished\":\"2018-07-12T08:08:07+00:00\",\"dateModified\":\"2021-10-13T18:28:55+00:00\",\"breadcrumb\":{\"@id\":\"https:\/\/www.eltriangle.es\/ca\/politica-de-privacitat-i-cookies\/#breadcrumb\"},\"inLanguage\":\"ca\",\"potentialAction\":[{\"@type\":\"ReadAction\",\"target\":[\"https:\/\/www.eltriangle.es\/ca\/politica-de-privacitat-i-cookies\/\"]}]},{\"@type\":\"BreadcrumbList\",\"@id\":\"https:\/\/www.eltriangle.es\/ca\/politica-de-privacitat-i-cookies\/#breadcrumb\",\"itemListElement\":[{\"@type\":\"ListItem\",\"position\":1,\"name\":\"Portada\",\"item\":\"https:\/\/www.eltriangle.es\/ca\/\"},{\"@type\":\"ListItem\",\"position\":2,\"name\":\"Pol\u00edtica de Privacitat i Cookies\"}]},{\"@type\":\"WebSite\",\"@id\":\"https:\/\/www.eltriangle.es\/ca\/#website\",\"url\":\"https:\/\/www.eltriangle.es\/ca\/\",\"name\":\"Centro Comercial El Triangle\",\"description\":\"\",\"publisher\":{\"@id\":\"https:\/\/www.eltriangle.es\/ca\/#organization\"},\"potentialAction\":[{\"@type\":\"SearchAction\",\"target\":{\"@type\":\"EntryPoint\",\"urlTemplate\":\"https:\/\/www.eltriangle.es\/ca\/?s={search_term_string}\"},\"query-input\":{\"@type\":\"PropertyValueSpecification\",\"valueRequired\":true,\"valueName\":\"search_term_string\"}}],\"inLanguage\":\"ca\"},{\"@type\":\"Organization\",\"@id\":\"https:\/\/www.eltriangle.es\/ca\/#organization\",\"name\":\"Centro Comercial en Barcelona \u00b7 El Triangle\",\"url\":\"https:\/\/www.eltriangle.es\/ca\/\",\"logo\":{\"@type\":\"ImageObject\",\"inLanguage\":\"ca\",\"@id\":\"https:\/\/www.eltriangle.es\/ca\/#\/schema\/logo\/image\/\",\"url\":\"https:\/\/www.eltriangle.es\/wp-content\/uploads\/logo-el-triangle-promo-sant-jordi.jpg\",\"contentUrl\":\"https:\/\/www.eltriangle.es\/wp-content\/uploads\/logo-el-triangle-promo-sant-jordi.jpg\",\"width\":1250,\"height\":600,\"caption\":\"Centro Comercial en Barcelona \u00b7 El Triangle\"},\"image\":{\"@id\":\"https:\/\/www.eltriangle.es\/ca\/#\/schema\/logo\/image\/\"},\"sameAs\":[\"https:\/\/www.facebook.com\/eltriangle\",\"https:\/\/x.com\/eltriangle\",\"https:\/\/www.instagram.com\/eltriangle\/\",\"https:\/\/www.linkedin.com\/company\/el-triangle-centre-comercial\/\",\"https:\/\/www.youtube.com\/channel\/UCDtos-JsOx0wh6v3W9xagRw\"]}]}<\/script>\n<!-- \/ Yoast SEO plugin. -->","yoast_head_json":{"title":"Pol\u00edtica de Privacitat i Cookies - Centro Comercial El Triangle","robots":{"index":"noindex","follow":"follow"},"og_locale":"ca_ES","og_type":"article","og_title":"Pol\u00edtica de Privacitat i Cookies - Centro Comercial El Triangle","og_description":"1. Responsable del tractament Responsable del Tractament: Comunitat de Propietaris Pla\u00e7a de Catalunya 1-4 i C \/ Pelai 13-39 (Centre Comercial El Triangle) Adre\u00e7a Postal: Pla\u00e7a de Catalunya n\u00ba1. C.P. 08002 Barcelona Tel\u00e8fon: 933 18 01 08 Email: informacion@eltriangle.es 2. Tractaments Comunitat de Propietaris Pla\u00e7a de Catalunya 1-4 i C \/ Pelai 13-39 (Centre Comercial [&hellip;]","og_url":"https:\/\/www.eltriangle.es\/ca\/politica-de-privacitat-i-cookies\/","og_site_name":"Centro Comercial El Triangle","article_publisher":"https:\/\/www.facebook.com\/eltriangle","article_modified_time":"2021-10-13T18:28:55+00:00","twitter_card":"summary_large_image","twitter_site":"@eltriangle","twitter_misc":{"Temps estimat de lectura":"5 minuts"},"schema":{"@context":"https:\/\/schema.org","@graph":[{"@type":"WebPage","@id":"https:\/\/www.eltriangle.es\/ca\/politica-de-privacitat-i-cookies\/","url":"https:\/\/www.eltriangle.es\/ca\/politica-de-privacitat-i-cookies\/","name":"Pol\u00edtica de Privacitat i Cookies - Centro Comercial El Triangle","isPartOf":{"@id":"https:\/\/www.eltriangle.es\/ca\/#website"},"datePublished":"2018-07-12T08:08:07+00:00","dateModified":"2021-10-13T18:28:55+00:00","breadcrumb":{"@id":"https:\/\/www.eltriangle.es\/ca\/politica-de-privacitat-i-cookies\/#breadcrumb"},"inLanguage":"ca","potentialAction":[{"@type":"ReadAction","target":["https:\/\/www.eltriangle.es\/ca\/politica-de-privacitat-i-cookies\/"]}]},{"@type":"BreadcrumbList","@id":"https:\/\/www.eltriangle.es\/ca\/politica-de-privacitat-i-cookies\/#breadcrumb","itemListElement":[{"@type":"ListItem","position":1,"name":"Portada","item":"https:\/\/www.eltriangle.es\/ca\/"},{"@type":"ListItem","position":2,"name":"Pol\u00edtica de Privacitat i Cookies"}]},{"@type":"WebSite","@id":"https:\/\/www.eltriangle.es\/ca\/#website","url":"https:\/\/www.eltriangle.es\/ca\/","name":"Centro Comercial El Triangle","description":"","publisher":{"@id":"https:\/\/www.eltriangle.es\/ca\/#organization"},"potentialAction":[{"@type":"SearchAction","target":{"@type":"EntryPoint","urlTemplate":"https:\/\/www.eltriangle.es\/ca\/?s={search_term_string}"},"query-input":{"@type":"PropertyValueSpecification","valueRequired":true,"valueName":"search_term_string"}}],"inLanguage":"ca"},{"@type":"Organization","@id":"https:\/\/www.eltriangle.es\/ca\/#organization","name":"Centro Comercial en Barcelona \u00b7 El Triangle","url":"https:\/\/www.eltriangle.es\/ca\/","logo":{"@type":"ImageObject","inLanguage":"ca","@id":"https:\/\/www.eltriangle.es\/ca\/#\/schema\/logo\/image\/","url":"https:\/\/www.eltriangle.es\/wp-content\/uploads\/logo-el-triangle-promo-sant-jordi.jpg","contentUrl":"https:\/\/www.eltriangle.es\/wp-content\/uploads\/logo-el-triangle-promo-sant-jordi.jpg","width":1250,"height":600,"caption":"Centro Comercial en Barcelona \u00b7 El Triangle"},"image":{"@id":"https:\/\/www.eltriangle.es\/ca\/#\/schema\/logo\/image\/"},"sameAs":["https:\/\/www.facebook.com\/eltriangle","https:\/\/x.com\/eltriangle","https:\/\/www.instagram.com\/eltriangle\/","https:\/\/www.linkedin.com\/company\/el-triangle-centre-comercial\/","https:\/\/www.youtube.com\/channel\/UCDtos-JsOx0wh6v3W9xagRw"]}]}},"_links":{"self":[{"href":"https:\/\/www.eltriangle.es\/ca\/wp-json\/wp\/v2\/pages\/2840","targetHints":{"allow":["GET"]}}],"collection":[{"href":"https:\/\/www.eltriangle.es\/ca\/wp-json\/wp\/v2\/pages"}],"about":[{"href":"https:\/\/www.eltriangle.es\/ca\/wp-json\/wp\/v2\/types\/page"}],"author":[{"embeddable":true,"href":"https:\/\/www.eltriangle.es\/ca\/wp-json\/wp\/v2\/users\/1"}],"replies":[{"embeddable":true,"href":"https:\/\/www.eltriangle.es\/ca\/wp-json\/wp\/v2\/comments?post=2840"}],"version-history":[{"count":0,"href":"https:\/\/www.eltriangle.es\/ca\/wp-json\/wp\/v2\/pages\/2840\/revisions"}],"wp:attachment":[{"href":"https:\/\/www.eltriangle.es\/ca\/wp-json\/wp\/v2\/media?parent=2840"}],"curies":[{"name":"wp","href":"https:\/\/api.w.org\/{rel}","templated":true}]}}